{"id":31232,"date":"2024-04-18T11:50:11","date_gmt":"2024-04-18T09:50:11","guid":{"rendered":"https:\/\/www.chameleoon.sk\/pripadova-studie\/"},"modified":"2026-04-10T11:21:31","modified_gmt":"2026-04-10T09:21:31","slug":"pripadova-studie","status":"publish","type":"page","link":"https:\/\/www.chameleoon.sk\/cs\/pripadova-studie\/","title":{"rendered":"CaseStudy"},"content":{"rendered":"\t\t<div data-elementor-type=\"wp-page\" data-elementor-id=\"31232\" class=\"elementor elementor-31232 elementor-28364\" data-elementor-post-type=\"page\">\n\t\t\t\t<div class=\"elementor-element elementor-element-326d365 wd-section-stretch-content e-flex e-con-boxed e-con e-parent\" data-id=\"326d365\" data-element_type=\"container\" data-e-type=\"container\">\n\t\t\t\t\t<div class=\"e-con-inner\">\n\t\t<div class=\"elementor-element elementor-element-ada7e30 e-con-full e-flex e-con e-child\" data-id=\"ada7e30\" data-element_type=\"container\" data-e-type=\"container\">\n\t\t\t\t<div class=\"elementor-element elementor-element-a679d36 elementor-position-top elementor-widget elementor-widget-image-box\" data-id=\"a679d36\" data-element_type=\"widget\" data-e-type=\"widget\" data-widget_type=\"image-box.default\">\n\t\t\t\t<div class=\"elementor-widget-container\">\n\t\t\t\t\t<div class=\"elementor-image-box-wrapper\"><figure class=\"elementor-image-box-img\"><a href=\"https:\/\/www.chameleoon.sk\/cs\/pripadova-studie\/natures\/\" tabindex=\"-1\"><img fetchpriority=\"high\" decoding=\"async\" width=\"916\" height=\"390\" src=\"https:\/\/www.chameleoon.sk\/wp-content\/uploads\/2026\/04\/natures_logo.png\" class=\"attachment-full size-full wp-image-35307\" alt=\"Natures case study \u2013 expedi\u010dn\u00fd syst\u00e9m Chameleoon\" srcset=\"https:\/\/www.chameleoon.sk\/wp-content\/uploads\/2026\/04\/natures_logo.png 916w, https:\/\/www.chameleoon.sk\/wp-content\/uploads\/2026\/04\/natures_logo-400x170.png 400w, https:\/\/www.chameleoon.sk\/wp-content\/uploads\/2026\/04\/natures_logo-768x327.png 768w, https:\/\/www.chameleoon.sk\/wp-content\/uploads\/2026\/04\/natures_logo-430x183.png 430w, https:\/\/www.chameleoon.sk\/wp-content\/uploads\/2026\/04\/natures_logo-700x298.png 700w, https:\/\/www.chameleoon.sk\/wp-content\/uploads\/2026\/04\/natures_logo-150x64.png 150w\" sizes=\"(max-width: 916px) 100vw, 916px\" \/><\/a><\/figure><div class=\"elementor-image-box-content\"><h3 class=\"elementor-image-box-title\"><a href=\"https:\/\/www.chameleoon.sk\/cs\/pripadova-studie\/natures\/\">Natures<\/a><\/h3><p class=\"elementor-image-box-description\">Spole\u010dnost Natures automatizovala logistiku a roz\u0161\u00ed\u0159ila dod\u00e1vky po cel\u00e9 Evrop\u011b pomoc\u00ed syst\u00e9mu Chameleon a platformy KOLOS.<\/p><\/div><\/div>\t\t\t\t<\/div>\n\t\t\t\t<\/div>\n\t\t\t\t<div class=\"elementor-element elementor-element-35c2447 elementor-widget elementor-widget-wd_button\" data-id=\"35c2447\" data-element_type=\"widget\" data-e-type=\"widget\" data-widget_type=\"wd_button.default\">\n\t\t\t\t<div class=\"elementor-widget-container\">\n\t\t\t\t\t\t\t<div class=\"wd-button-wrapper text-center\" >\n\t\t\t<a class=\"btn btn-style-default btn-style-semi-round btn-size-large btn-color-primary btn-icon-pos-right\"  href=\"https:\/\/www.chameleoon.sk\/cs\/pripadova-studie\/natures\/\">\n\t\t\t\t<span class=\"wd-btn-text\" data-elementor-setting-key=\"text\">\n\t\t\t\t\tP\u0159\u00edpadov\u00e1 studie\t\t\t\t<\/span>\n\n\t\t\t\t\t\t\t<\/a>\n\t\t<\/div>\n\t\t\t\t\t\t<\/div>\n\t\t\t\t<\/div>\n\t\t\t\t<\/div>\n\t\t<div class=\"elementor-element elementor-element-864085d e-con-full e-flex e-con e-child\" data-id=\"864085d\" data-element_type=\"container\" data-e-type=\"container\">\n\t\t\t\t<div class=\"elementor-element elementor-element-34dc081 elementor-position-top elementor-widget elementor-widget-image-box\" data-id=\"34dc081\" data-element_type=\"widget\" data-e-type=\"widget\" data-widget_type=\"image-box.default\">\n\t\t\t\t<div class=\"elementor-widget-container\">\n\t\t\t\t\t<div class=\"elementor-image-box-wrapper\"><figure class=\"elementor-image-box-img\"><a href=\"https:\/\/www.chameleoon.sk\/cs\/pripadova-studie\/marcus-trade\/\" tabindex=\"-1\"><img decoding=\"async\" width=\"916\" height=\"390\" src=\"https:\/\/www.chameleoon.sk\/wp-content\/uploads\/2026\/02\/marcus-trade.png\" class=\"attachment-full size-full wp-image-34493\" alt=\"MARCUS TRADE case study \u2013 Chameleoon\" srcset=\"https:\/\/www.chameleoon.sk\/wp-content\/uploads\/2026\/02\/marcus-trade.png 916w, https:\/\/www.chameleoon.sk\/wp-content\/uploads\/2026\/02\/marcus-trade-430x183.png 430w, https:\/\/www.chameleoon.sk\/wp-content\/uploads\/2026\/02\/marcus-trade-150x64.png 150w, https:\/\/www.chameleoon.sk\/wp-content\/uploads\/2026\/02\/marcus-trade-700x298.png 700w, https:\/\/www.chameleoon.sk\/wp-content\/uploads\/2026\/02\/marcus-trade-400x170.png 400w, https:\/\/www.chameleoon.sk\/wp-content\/uploads\/2026\/02\/marcus-trade-768x327.png 768w\" sizes=\"(max-width: 916px) 100vw, 916px\" \/><\/a><\/figure><div class=\"elementor-image-box-content\"><h3 class=\"elementor-image-box-title\"><a href=\"https:\/\/www.chameleoon.sk\/cs\/pripadova-studie\/marcus-trade\/\">MARCUS TRADE<\/a><\/h3><p class=\"elementor-image-box-description\">E-shop vsadil na kvalitu a nab\u00edz\u00ed profesion\u00e1ln\u00ed pom\u016fcky pro klemp\u00ed\u0159e a tesa\u0159e, kter\u00e9 jim usnad\u0148uj\u00ed pr\u00e1ci na stavb\u011b i na st\u0159e\u0161e.<\/p><\/div><\/div>\t\t\t\t<\/div>\n\t\t\t\t<\/div>\n\t\t\t\t<div class=\"elementor-element elementor-element-c604e5a elementor-widget elementor-widget-wd_button\" data-id=\"c604e5a\" data-element_type=\"widget\" data-e-type=\"widget\" data-widget_type=\"wd_button.default\">\n\t\t\t\t<div class=\"elementor-widget-container\">\n\t\t\t\t\t\t\t<div class=\"wd-button-wrapper text-center\" >\n\t\t\t<a class=\"btn btn-style-default btn-style-semi-round btn-size-large btn-color-primary btn-icon-pos-right\"  href=\"https:\/\/www.chameleoon.sk\/cs\/pripadova-studie\/marcus-trade\/\">\n\t\t\t\t<span class=\"wd-btn-text\" data-elementor-setting-key=\"text\">\n\t\t\t\t\tP\u0159\u00edpadov\u00e1 studie\t\t\t\t<\/span>\n\n\t\t\t\t\t\t\t<\/a>\n\t\t<\/div>\n\t\t\t\t\t\t<\/div>\n\t\t\t\t<\/div>\n\t\t\t\t<\/div>\n\t\t<div class=\"elementor-element elementor-element-672c0a4 e-con-full e-flex e-con e-child\" data-id=\"672c0a4\" data-element_type=\"container\" data-e-type=\"container\">\n\t\t\t\t<div class=\"elementor-element elementor-element-944775e elementor-position-top elementor-widget elementor-widget-image-box\" data-id=\"944775e\" data-element_type=\"widget\" data-e-type=\"widget\" data-widget_type=\"image-box.default\">\n\t\t\t\t<div class=\"elementor-widget-container\">\n\t\t\t\t\t<div class=\"elementor-image-box-wrapper\"><figure class=\"elementor-image-box-img\"><a href=\"https:\/\/www.chameleoon.sk\/cs\/pripadova-studie\/machovna\/\" tabindex=\"-1\"><img decoding=\"async\" width=\"916\" height=\"390\" src=\"https:\/\/www.chameleoon.sk\/wp-content\/uploads\/2024\/10\/Untitled-design.png\" class=\"attachment-full size-full wp-image-31235\" alt=\"Machov\u0148a case study \u2013 Chameleoon\" srcset=\"https:\/\/www.chameleoon.sk\/wp-content\/uploads\/2024\/10\/Untitled-design.png 916w, https:\/\/www.chameleoon.sk\/wp-content\/uploads\/2024\/10\/Untitled-design-430x183.png 430w, https:\/\/www.chameleoon.sk\/wp-content\/uploads\/2024\/10\/Untitled-design-150x64.png 150w, https:\/\/www.chameleoon.sk\/wp-content\/uploads\/2024\/10\/Untitled-design-700x298.png 700w, https:\/\/www.chameleoon.sk\/wp-content\/uploads\/2024\/10\/Untitled-design-400x170.png 400w, https:\/\/www.chameleoon.sk\/wp-content\/uploads\/2024\/10\/Untitled-design-768x327.png 768w\" sizes=\"(max-width: 916px) 100vw, 916px\" \/><\/a><\/figure><div class=\"elementor-image-box-content\"><h3 class=\"elementor-image-box-title\"><a href=\"https:\/\/www.chameleoon.sk\/cs\/pripadova-studie\/machovna\/\">Machov\u0148a<\/a><\/h3><p class=\"elementor-image-box-description\">Machov\u0148a je rodinn\u00fd projekt, kter\u00fd se zrodil z l\u00e1sky k p\u0159\u00edrod\u011b a touhy po kreativit\u011b. Nab\u00edz\u00ed stabilizovan\u00e9 mechy, rostliny a p\u0159\u00edslu\u0161enstv\u00ed pro v\u00fdrobu vlastn\u00edch mechov\u00fdch obraz\u016f.   <\/p><\/div><\/div>\t\t\t\t<\/div>\n\t\t\t\t<\/div>\n\t\t\t\t<div class=\"elementor-element elementor-element-92e4bdc elementor-widget elementor-widget-wd_button\" data-id=\"92e4bdc\" data-element_type=\"widget\" data-e-type=\"widget\" data-widget_type=\"wd_button.default\">\n\t\t\t\t<div class=\"elementor-widget-container\">\n\t\t\t\t\t\t\t<div class=\"wd-button-wrapper text-center\" >\n\t\t\t<a class=\"btn btn-style-default btn-style-semi-round btn-size-large btn-color-primary btn-icon-pos-right\"  href=\"https:\/\/www.chameleoon.sk\/cs\/pripadova-studie\/machovna\/\">\n\t\t\t\t<span class=\"wd-btn-text\" data-elementor-setting-key=\"text\">\n\t\t\t\t\tP\u0159\u00edpadov\u00e1 studie\t\t\t\t<\/span>\n\n\t\t\t\t\t\t\t<\/a>\n\t\t<\/div>\n\t\t\t\t\t\t<\/div>\n\t\t\t\t<\/div>\n\t\t\t\t<\/div>\n\t\t\t\t\t<\/div>\n\t\t\t\t<\/div>\n\t\t<div class=\"elementor-element elementor-element-f245336 wd-section-stretch-content e-flex e-con-boxed e-con e-parent\" data-id=\"f245336\" data-element_type=\"container\" data-e-type=\"container\">\n\t\t\t\t\t<div class=\"e-con-inner\">\n\t\t<div class=\"elementor-element elementor-element-eff957d e-con-full e-flex e-con e-child\" data-id=\"eff957d\" data-element_type=\"container\" data-e-type=\"container\">\n\t\t\t\t<div class=\"elementor-element elementor-element-93bbac9 elementor-position-top elementor-widget elementor-widget-image-box\" data-id=\"93bbac9\" data-element_type=\"widget\" data-e-type=\"widget\" data-widget_type=\"image-box.default\">\n\t\t\t\t<div class=\"elementor-widget-container\">\n\t\t\t\t\t<div class=\"elementor-image-box-wrapper\"><figure class=\"elementor-image-box-img\"><a href=\"https:\/\/www.chameleoon.sk\/cs\/pripadova-studie\/ahooy-sk\/\" tabindex=\"-1\"><img loading=\"lazy\" decoding=\"async\" width=\"916\" height=\"390\" src=\"https:\/\/www.chameleoon.sk\/wp-content\/uploads\/2024\/05\/ahooy_banner.jpg\" class=\"attachment-full size-full wp-image-31238\" alt=\"ahooy.sk\" srcset=\"https:\/\/www.chameleoon.sk\/wp-content\/uploads\/2024\/05\/ahooy_banner.jpg 916w, https:\/\/www.chameleoon.sk\/wp-content\/uploads\/2024\/05\/ahooy_banner-430x183.jpg 430w, https:\/\/www.chameleoon.sk\/wp-content\/uploads\/2024\/05\/ahooy_banner-150x64.jpg 150w, https:\/\/www.chameleoon.sk\/wp-content\/uploads\/2024\/05\/ahooy_banner-700x298.jpg 700w, https:\/\/www.chameleoon.sk\/wp-content\/uploads\/2024\/05\/ahooy_banner-400x170.jpg 400w, https:\/\/www.chameleoon.sk\/wp-content\/uploads\/2024\/05\/ahooy_banner-768x327.jpg 768w\" sizes=\"(max-width: 916px) 100vw, 916px\" \/><\/a><\/figure><div class=\"elementor-image-box-content\"><h3 class=\"elementor-image-box-title\"><a href=\"https:\/\/www.chameleoon.sk\/cs\/pripadova-studie\/ahooy-sk\/\">Ahooy<\/a><\/h3><p class=\"elementor-image-box-description\">Prodej designov\u00fdch, ale i funk\u010dn\u00edch v\u011bc\u00ed, kter\u00e9 budou jedine\u010dn\u00e9. S t\u00edmto c\u00edlem zalo\u017eil J\u00e1n Gonda spolu se sv\u00fdm bratrem e-shop ahooy.sk.   <\/p><\/div><\/div>\t\t\t\t<\/div>\n\t\t\t\t<\/div>\n\t\t\t\t<div class=\"elementor-element elementor-element-beba918 elementor-widget elementor-widget-wd_button\" data-id=\"beba918\" data-element_type=\"widget\" data-e-type=\"widget\" data-widget_type=\"wd_button.default\">\n\t\t\t\t<div class=\"elementor-widget-container\">\n\t\t\t\t\t\t\t<div class=\"wd-button-wrapper text-center\" >\n\t\t\t<a class=\"btn btn-style-default btn-style-semi-round btn-size-large btn-color-primary btn-icon-pos-right\"  href=\"https:\/\/www.chameleoon.sk\/cs\/pripadova-studie\/ahooy-sk\/\">\n\t\t\t\t<span class=\"wd-btn-text\" data-elementor-setting-key=\"text\">\n\t\t\t\t\tP\u0159\u00edpadov\u00e1 studie\t\t\t\t<\/span>\n\n\t\t\t\t\t\t\t<\/a>\n\t\t<\/div>\n\t\t\t\t\t\t<\/div>\n\t\t\t\t<\/div>\n\t\t\t\t<\/div>\n\t\t<div class=\"elementor-element elementor-element-b7cb3e4 e-con-full e-flex e-con e-child\" data-id=\"b7cb3e4\" data-element_type=\"container\" data-e-type=\"container\">\n\t\t\t\t<div class=\"elementor-element elementor-element-f14bcae elementor-position-top elementor-widget elementor-widget-image-box\" data-id=\"f14bcae\" data-element_type=\"widget\" data-e-type=\"widget\" data-widget_type=\"image-box.default\">\n\t\t\t\t<div class=\"elementor-widget-container\">\n\t\t\t\t\t<div class=\"elementor-image-box-wrapper\"><figure class=\"elementor-image-box-img\"><a href=\"https:\/\/www.chameleoon.sk\/cs\/pripadova-studie\/cukrarske-vyrobky\/\" tabindex=\"-1\"><img loading=\"lazy\" decoding=\"async\" width=\"916\" height=\"390\" src=\"https:\/\/www.chameleoon.sk\/wp-content\/uploads\/2024\/06\/cukrovinky-1.jpg\" class=\"attachment-full size-full wp-image-31234\" alt=\"logo cukr\u00e1rny\" srcset=\"https:\/\/www.chameleoon.sk\/wp-content\/uploads\/2024\/06\/cukrovinky-1.jpg 916w, https:\/\/www.chameleoon.sk\/wp-content\/uploads\/2024\/06\/cukrovinky-1-430x183.jpg 430w, https:\/\/www.chameleoon.sk\/wp-content\/uploads\/2024\/06\/cukrovinky-1-150x64.jpg 150w, https:\/\/www.chameleoon.sk\/wp-content\/uploads\/2024\/06\/cukrovinky-1-700x298.jpg 700w, https:\/\/www.chameleoon.sk\/wp-content\/uploads\/2024\/06\/cukrovinky-1-400x170.jpg 400w, https:\/\/www.chameleoon.sk\/wp-content\/uploads\/2024\/06\/cukrovinky-1-768x327.jpg 768w\" sizes=\"(max-width: 916px) 100vw, 916px\" \/><\/a><\/figure><div class=\"elementor-image-box-content\"><h3 class=\"elementor-image-box-title\"><a href=\"https:\/\/www.chameleoon.sk\/cs\/pripadova-studie\/cukrarske-vyrobky\/\">Cukr\u00e1\u0159sk\u00e9 v\u00fdrobky<\/a><\/h3><p class=\"elementor-image-box-description\">\u00dasp\u011bch ka\u017ed\u00e9ho mal\u00e9ho i velk\u00e9ho e-shopu z\u00e1vis\u00ed na spr\u00e1vn\u00fdch \u0159e\u0161en\u00edch. Vyberte si to nejlep\u0161\u00ed pro v\u00e1s a odes\u00edlejte rychle a bez chyb.   <\/p><\/div><\/div>\t\t\t\t<\/div>\n\t\t\t\t<\/div>\n\t\t\t\t<div class=\"elementor-element elementor-element-f0bf0b6 elementor-widget elementor-widget-wd_button\" data-id=\"f0bf0b6\" data-element_type=\"widget\" data-e-type=\"widget\" data-widget_type=\"wd_button.default\">\n\t\t\t\t<div class=\"elementor-widget-container\">\n\t\t\t\t\t\t\t<div class=\"wd-button-wrapper text-center\" >\n\t\t\t<a class=\"btn btn-style-default btn-style-semi-round btn-size-large btn-color-primary btn-icon-pos-right\"  href=\"https:\/\/www.chameleoon.sk\/cs\/pripadova-studie\/cukrarske-vyrobky\/\">\n\t\t\t\t<span class=\"wd-btn-text\" data-elementor-setting-key=\"text\">\n\t\t\t\t\tP\u0159\u00edpadov\u00e1 studie\t\t\t\t<\/span>\n\n\t\t\t\t\t\t\t<\/a>\n\t\t<\/div>\n\t\t\t\t\t\t<\/div>\n\t\t\t\t<\/div>\n\t\t\t\t<\/div>\n\t\t<div class=\"elementor-element elementor-element-75ecbad e-con-full e-flex e-con e-child\" data-id=\"75ecbad\" data-element_type=\"container\" data-e-type=\"container\">\n\t\t\t\t<div class=\"elementor-element elementor-element-6c9c78c elementor-position-top elementor-widget elementor-widget-image-box\" data-id=\"6c9c78c\" data-element_type=\"widget\" data-e-type=\"widget\" data-widget_type=\"image-box.default\">\n\t\t\t\t<div class=\"elementor-widget-container\">\n\t\t\t\t\t<div class=\"elementor-image-box-wrapper\"><figure class=\"elementor-image-box-img\"><a href=\"https:\/\/www.chameleoon.sk\/cs\/pripadova-studie\/armyoriginal\/\" tabindex=\"-1\"><img loading=\"lazy\" decoding=\"async\" width=\"916\" height=\"390\" src=\"https:\/\/www.chameleoon.sk\/wp-content\/uploads\/2024\/06\/M.jpg\" class=\"attachment-full size-full wp-image-31233\" alt=\"Logo spole\u010dnosti Monaron\" srcset=\"https:\/\/www.chameleoon.sk\/wp-content\/uploads\/2024\/06\/M.jpg 916w, https:\/\/www.chameleoon.sk\/wp-content\/uploads\/2024\/06\/M-430x183.jpg 430w, https:\/\/www.chameleoon.sk\/wp-content\/uploads\/2024\/06\/M-150x64.jpg 150w, https:\/\/www.chameleoon.sk\/wp-content\/uploads\/2024\/06\/M-700x298.jpg 700w, https:\/\/www.chameleoon.sk\/wp-content\/uploads\/2024\/06\/M-400x170.jpg 400w, https:\/\/www.chameleoon.sk\/wp-content\/uploads\/2024\/06\/M-768x327.jpg 768w\" sizes=\"(max-width: 916px) 100vw, 916px\" \/><\/a><\/figure><div class=\"elementor-image-box-content\"><h3 class=\"elementor-image-box-title\"><a href=\"https:\/\/www.chameleoon.sk\/cs\/pripadova-studie\/armyoriginal\/\">Monaron<\/a><\/h3><p class=\"elementor-image-box-description\">Jednou z prvn\u00edch spole\u010dnost\u00ed, kde jsme Chameleoon nasadili, byla ArmyOriginal, v\u00fdrobce zna\u010dky Monaron. Pod\u00edvejte se na kr\u00e1tk\u00e9 video, jak jim Chameleoon pom\u00e1h\u00e1. <\/p><\/div><\/div>\t\t\t\t<\/div>\n\t\t\t\t<\/div>\n\t\t\t\t<div class=\"elementor-element elementor-element-5062809 elementor-widget elementor-widget-wd_button\" data-id=\"5062809\" data-element_type=\"widget\" data-e-type=\"widget\" data-widget_type=\"wd_button.default\">\n\t\t\t\t<div class=\"elementor-widget-container\">\n\t\t\t\t\t\t\t<div class=\"wd-button-wrapper text-center\" >\n\t\t\t<a class=\"btn btn-style-default btn-style-semi-round btn-size-large btn-color-primary btn-icon-pos-right\"  href=\"https:\/\/www.chameleoon.sk\/cs\/pripadova-studie\/armyoriginal\/\">\n\t\t\t\t<span class=\"wd-btn-text\" data-elementor-setting-key=\"text\">\n\t\t\t\t\tP\u0159\u00edpadov\u00e1 studie\t\t\t\t<\/span>\n\n\t\t\t\t\t\t\t<\/a>\n\t\t<\/div>\n\t\t\t\t\t\t<\/div>\n\t\t\t\t<\/div>\n\t\t\t\t<\/div>\n\t\t\t\t\t<\/div>\n\t\t\t\t<\/div>\n\t\t\t\t<\/div>\n\t\t","protected":false},"excerpt":{"rendered":"<p>Natures Spole\u010dnost Natures automatizovala logistiku a roz\u0161\u00ed\u0159ila dod\u00e1vky po cel\u00e9 Evrop\u011b pomoc\u00ed syst\u00e9mu Chameleon a platformy KOLOS. P\u0159\u00edpadov\u00e1 studie MARCUS<\/p>\n","protected":false},"author":1,"featured_media":0,"parent":0,"menu_order":0,"comment_status":"closed","ping_status":"closed","template":"","meta":{"footnotes":""},"class_list":["post-31232","page","type-page","status-publish","hentry"],"_links":{"self":[{"href":"https:\/\/www.chameleoon.sk\/cs\/wp-json\/wp\/v2\/pages\/31232","targetHints":{"allow":["GET"]}}],"collection":[{"href":"https:\/\/www.chameleoon.sk\/cs\/wp-json\/wp\/v2\/pages"}],"about":[{"href":"https:\/\/www.chameleoon.sk\/cs\/wp-json\/wp\/v2\/types\/page"}],"author":[{"embeddable":true,"href":"https:\/\/www.chameleoon.sk\/cs\/wp-json\/wp\/v2\/users\/1"}],"replies":[{"embeddable":true,"href":"https:\/\/www.chameleoon.sk\/cs\/wp-json\/wp\/v2\/comments?post=31232"}],"version-history":[{"count":6,"href":"https:\/\/www.chameleoon.sk\/cs\/wp-json\/wp\/v2\/pages\/31232\/revisions"}],"predecessor-version":[{"id":35313,"href":"https:\/\/www.chameleoon.sk\/cs\/wp-json\/wp\/v2\/pages\/31232\/revisions\/35313"}],"wp:attachment":[{"href":"https:\/\/www.chameleoon.sk\/cs\/wp-json\/wp\/v2\/media?parent=31232"}],"curies":[{"name":"wp","href":"https:\/\/api.w.org\/{rel}","templated":true}]}}