{"id":31250,"date":"2024-06-04T13:41:10","date_gmt":"2024-06-04T11:41:10","guid":{"rendered":"https:\/\/www.chameleoon.sk\/pripadova-studie\/armyoriginal\/"},"modified":"2026-04-10T10:13:50","modified_gmt":"2026-04-10T08:13:50","slug":"armyoriginal","status":"publish","type":"page","link":"https:\/\/www.chameleoon.sk\/cs\/pripadova-studie\/armyoriginal\/","title":{"rendered":"ArmyOriginal: Expedice bez chyb d\u00edky kontrole v\u00fddeje"},"content":{"rendered":"\t\t<div data-elementor-type=\"wp-page\" data-elementor-id=\"31250\" class=\"elementor elementor-31250 elementor-29008\" data-elementor-post-type=\"page\">\n\t\t\t\t<div class=\"elementor-element elementor-element-3ccf9ee e-flex e-con-boxed e-con e-parent\" data-id=\"3ccf9ee\" data-element_type=\"container\" data-e-type=\"container\">\n\t\t\t\t\t<div class=\"e-con-inner\">\n\t\t<div class=\"elementor-element elementor-element-9073957 e-con-full e-flex e-con e-child\" data-id=\"9073957\" data-element_type=\"container\" data-e-type=\"container\">\n\t\t\t\t<div class=\"elementor-element elementor-element-4535ce0 elementor-widget elementor-widget-image\" data-id=\"4535ce0\" data-element_type=\"widget\" data-e-type=\"widget\" data-widget_type=\"image.default\">\n\t\t\t\t<div class=\"elementor-widget-container\">\n\t\t\t\t\t\t\t\t\t\t\t\t\t\t\t<img decoding=\"async\" src=\"https:\/\/www.chameleoon.sk\/wp-content\/uploads\/elementor\/thumbs\/monaron-qpcjp3xygrzkw4zcyrbm7szxfnzwe01fr8vz7zzgs8.png\" title=\"monaron\" alt=\"Monaron logo\" loading=\"lazy\" \/>\t\t\t\t\t\t\t\t\t\t\t\t\t\t\t<\/div>\n\t\t\t\t<\/div>\n\t\t\t\t<\/div>\n\t\t<div class=\"elementor-element elementor-element-7a04c56 e-con-full e-flex e-con e-child\" data-id=\"7a04c56\" data-element_type=\"container\" data-e-type=\"container\">\n\t\t\t\t<div class=\"elementor-element elementor-element-940b245 elementor-widget__width-initial wd-width-100 elementor-widget elementor-widget-wd_title\" data-id=\"940b245\" data-element_type=\"widget\" data-e-type=\"widget\" data-widget_type=\"wd_title.default\">\n\t\t\t\t<div class=\"elementor-widget-container\">\n\t\t\t\t\t\t\t<div class=\"title-wrapper set-mb-s reset-last-child wd-title-color-default wd-title-style-default wd-title-size-medium text-left\">\n\n\t\t\t\t\t\t\t<div class=\"title-subtitle subtitle-color-default subtitle-style-default wd-fontsize-xs\">\n\t\t\t\t\tNeust\u00e1l\u00e9 zlep\u0161ov\u00e1n\u00ed\t\t\t\t<\/div>\n\t\t\t\n\t\t\t<div class=\"liner-continer\">\n\t\t\t\t<h3 class=\"woodmart-title-container title wd-fontsize-xl\">P\u0159\u00edb\u011bh zna\u010dky Monaron<\/h3> \n\t\t\t\t\t\t\t<\/div>\n\n\t\t\t\t\t\t\t<div class=\"title-after_title set-cont-mb-s reset-last-child wd-fontsize-s\">\n\t\t\t\t\t<p>ArmyOriginal vn\u00edm\u00e1me nejen jako dlouhodob\u00e9ho partnera, ale tak\u00e9 jako inovativn\u00ed spole\u010dnost, kter\u00e1 se neust\u00e1le sna\u017e\u00ed zlep\u0161ovat firemn\u00ed procesy. Majitel spole\u010dnosti se pod\u011blil o sv\u00e9 osobn\u00ed zku\u0161enosti s pou\u017e\u00edv\u00e1n\u00edm kontroly v\u00fddeje. V\u011b\u0159\u00edme, \u017ee v\u00e1m toto video uk\u00e1\u017ee, jak v\u00e1m m\u016f\u017ee fungovat p\u0159eprava, a sami se p\u0159esv\u011bd\u010d\u00edte, \u017ee d\u00edky tomuto modelu u\u017e nebudete z\u00e1kazn\u00edkovi pos\u00edlat \u0161patn\u00e9 zbo\u017e\u00ed.<\/p>\t\t\t\t<\/div>\n\t\t\t\t\t<\/div>\n\t\t\t\t\t\t<\/div>\n\t\t\t\t<\/div>\n\t\t\t\t<\/div>\n\t\t\t\t\t<\/div>\n\t\t\t\t<\/div>\n\t\t<div class=\"elementor-element elementor-element-8c789c2 e-flex e-con-boxed e-con e-parent\" data-id=\"8c789c2\" data-element_type=\"container\" data-e-type=\"container\">\n\t\t\t\t\t<div class=\"e-con-inner\">\n\t\t\t\t<div class=\"elementor-element elementor-element-9f9d6ab wd-width-100 elementor-widget elementor-widget-wd_video\" data-id=\"9f9d6ab\" data-element_type=\"widget\" data-e-type=\"widget\" data-widget_type=\"wd_video.default\">\n\t\t\t\t<div class=\"elementor-widget-container\">\n\t\t\t\t\t\n\t\t<div class=\"wd-el-video wd-action-overlay wd-video-youtube wd-lightbox\">\n\t\t\t\n\t\t\t\n\t\t\t\n\t\t\t\t\t\t\t<div class=\"wd-el-video-overlay wd-fill\">\n\t\t\t\t\t\t\t\t\t<\/div>\n\t\t\t\t<div class=\"wd-el-video-control color-scheme-light wd-fill\">\n\t\t\t\t\t<span class=\"wd-el-video-play-btn\"><\/span>\n\t\t\t\t\t\t\t\t\t<\/div>\n\n\t\t\t\t<a class=\"wd-el-video-link wd-el-video-btn-overlay wd-fill wd-el-video-lightbox\" href=\"https:\/\/www.youtube.com\/watch?v=sRp2iiBBDMA\" target=\"_blank\" rel=\"noopener\"><\/a>\n\t\t\t\t\t<\/div>\n\t\t\t\t\t\t<\/div>\n\t\t\t\t<\/div>\n\t\t\t\t\t<\/div>\n\t\t\t\t<\/div>\n\t\t\t\t<\/div>\n\t\t","protected":false},"excerpt":{"rendered":"<p>Neust\u00e1l\u00e9 zlep\u0161ov\u00e1n\u00ed P\u0159\u00edb\u011bh zna\u010dky Monaron ArmyOriginal vn\u00edm\u00e1me nejen jako dlouhodob\u00e9ho partnera, ale tak\u00e9 jako inovativn\u00ed spole\u010dnost, kter\u00e1 se neust\u00e1le sna\u017e\u00ed<\/p>\n","protected":false},"author":5,"featured_media":0,"parent":31232,"menu_order":0,"comment_status":"closed","ping_status":"closed","template":"","meta":{"footnotes":""},"class_list":["post-31250","page","type-page","status-publish","hentry"],"_links":{"self":[{"href":"https:\/\/www.chameleoon.sk\/cs\/wp-json\/wp\/v2\/pages\/31250","targetHints":{"allow":["GET"]}}],"collection":[{"href":"https:\/\/www.chameleoon.sk\/cs\/wp-json\/wp\/v2\/pages"}],"about":[{"href":"https:\/\/www.chameleoon.sk\/cs\/wp-json\/wp\/v2\/types\/page"}],"author":[{"embeddable":true,"href":"https:\/\/www.chameleoon.sk\/cs\/wp-json\/wp\/v2\/users\/5"}],"replies":[{"embeddable":true,"href":"https:\/\/www.chameleoon.sk\/cs\/wp-json\/wp\/v2\/comments?post=31250"}],"version-history":[{"count":2,"href":"https:\/\/www.chameleoon.sk\/cs\/wp-json\/wp\/v2\/pages\/31250\/revisions"}],"predecessor-version":[{"id":35274,"href":"https:\/\/www.chameleoon.sk\/cs\/wp-json\/wp\/v2\/pages\/31250\/revisions\/35274"}],"up":[{"embeddable":true,"href":"https:\/\/www.chameleoon.sk\/cs\/wp-json\/wp\/v2\/pages\/31232"}],"wp:attachment":[{"href":"https:\/\/www.chameleoon.sk\/cs\/wp-json\/wp\/v2\/media?parent=31250"}],"curies":[{"name":"wp","href":"https:\/\/api.w.org\/{rel}","templated":true}]}}