{"id":31267,"date":"2024-06-04T13:35:22","date_gmt":"2024-06-04T11:35:22","guid":{"rendered":"https:\/\/www.chameleoon.sk\/pripadova-studie\/cukrarske-vyrobky\/"},"modified":"2026-04-10T10:04:03","modified_gmt":"2026-04-10T08:04:03","slug":"cukrarske-vyrobky","status":"publish","type":"page","link":"https:\/\/www.chameleoon.sk\/cs\/pripadova-studie\/cukrarske-vyrobky\/","title":{"rendered":"Cukrovinky.sk: Jak sn\u00ed\u017eili chybovost o 90 % a \u0161et\u0159\u00ed 2 hodiny denn\u011b"},"content":{"rendered":"\t\t<div data-elementor-type=\"wp-page\" data-elementor-id=\"31267\" class=\"elementor elementor-31267 elementor-29002\" data-elementor-post-type=\"page\">\n\t\t\t\t<div class=\"elementor-element elementor-element-3ccf9ee e-flex e-con-boxed e-con e-parent\" data-id=\"3ccf9ee\" data-element_type=\"container\" data-e-type=\"container\">\n\t\t\t\t\t<div class=\"e-con-inner\">\n\t\t<div class=\"elementor-element elementor-element-9073957 e-con-full e-flex e-con e-child\" data-id=\"9073957\" data-element_type=\"container\" data-e-type=\"container\">\n\t\t\t\t<div class=\"elementor-element elementor-element-b1a176a elementor-widget elementor-widget-image\" data-id=\"b1a176a\" data-element_type=\"widget\" data-e-type=\"widget\" data-widget_type=\"image.default\">\n\t\t\t\t<div class=\"elementor-widget-container\">\n\t\t\t\t\t\t\t\t\t\t\t\t\t\t\t<img fetchpriority=\"high\" decoding=\"async\" width=\"899\" height=\"610\" src=\"https:\/\/www.chameleoon.sk\/wp-content\/uploads\/2024\/06\/cukrovinky-dm-en-0.webp\" class=\"attachment-large size-large wp-image-31268\" alt=\"\" srcset=\"https:\/\/www.chameleoon.sk\/wp-content\/uploads\/2024\/06\/cukrovinky-dm-en-0.webp 899w, https:\/\/www.chameleoon.sk\/wp-content\/uploads\/2024\/06\/cukrovinky-dm-en-0-430x292.webp 430w, https:\/\/www.chameleoon.sk\/wp-content\/uploads\/2024\/06\/cukrovinky-dm-en-0-150x102.webp 150w, https:\/\/www.chameleoon.sk\/wp-content\/uploads\/2024\/06\/cukrovinky-dm-en-0-700x475.webp 700w, https:\/\/www.chameleoon.sk\/wp-content\/uploads\/2024\/06\/cukrovinky-dm-en-0-400x271.webp 400w, https:\/\/www.chameleoon.sk\/wp-content\/uploads\/2024\/06\/cukrovinky-dm-en-0-768x521.webp 768w\" sizes=\"(max-width: 899px) 100vw, 899px\" \/>\t\t\t\t\t\t\t\t\t\t\t\t\t\t\t<\/div>\n\t\t\t\t<\/div>\n\t\t\t\t<\/div>\n\t\t<div class=\"elementor-element elementor-element-7a04c56 e-con-full e-flex e-con e-child\" data-id=\"7a04c56\" data-element_type=\"container\" data-e-type=\"container\">\n\t\t\t\t<div class=\"elementor-element elementor-element-940b245 wd-width-100 elementor-widget elementor-widget-wd_title\" data-id=\"940b245\" data-element_type=\"widget\" data-e-type=\"widget\" data-widget_type=\"wd_title.default\">\n\t\t\t\t<div class=\"elementor-widget-container\">\n\t\t\t\t\t\t\t<div class=\"title-wrapper set-mb-s reset-last-child wd-title-color-default wd-title-style-default wd-title-size-medium text-left\">\n\n\t\t\t\n\t\t\t<div class=\"liner-continer\">\n\t\t\t\t<h3 class=\"woodmart-title-container title wd-fontsize-xl\">Sladk\u00fd r\u00e1j i d\u00edky spr\u00e1vn\u00fdm \u0159e\u0161en\u00edm  <\/h3> \n\t\t\t\t\t\t\t<\/div>\n\n\t\t\t\t\t\t\t<div class=\"title-after_title set-cont-mb-s reset-last-child wd-fontsize-s\">\n\t\t\t\t\t<p>Nejslad\u0161\u00ed e-shop s obrovsk\u00fdm v\u00fdb\u011brem sladkost\u00ed, cukrovinek, pe\u010diva, slan\u00fdch pochutin a n\u00e1poj\u016f. Prost\u011b sladk\u00fd r\u00e1j, kde va\u0161e chu\u0165ov\u00e1 fantazie rozkvete.  Jak jim cukrovinky.sk usnad\u0148uj\u00ed ka\u017edodenn\u00ed pr\u00e1ci, jak\u00e1 \u0159e\u0161en\u00ed jim pom\u00e1haj\u00ed a co vede k celkov\u00e9 spokojenosti z\u00e1kazn\u00edk\u016f? Na v\u0161echny tyto ot\u00e1zky odpov\u011bd\u011bl vedouc\u00ed prodeje Peter Tur\u0148a.<\/p>\t\t\t\t<\/div>\n\t\t\t\t\t<\/div>\n\t\t\t\t\t\t<\/div>\n\t\t\t\t<\/div>\n\t\t\t\t<\/div>\n\t\t\t\t\t<\/div>\n\t\t\t\t<\/div>\n\t\t<div class=\"elementor-element elementor-element-5d9a7f4 wd-section-stretch e-flex e-con-boxed e-con e-parent\" data-id=\"5d9a7f4\" data-element_type=\"container\" data-e-type=\"container\" data-settings=\"{&quot;background_background&quot;:&quot;gradient&quot;}\">\n\t\t\t\t\t<div class=\"e-con-inner\">\n\t\t<div class=\"elementor-element elementor-element-2729f66 e-con-full e-flex e-con e-child\" data-id=\"2729f66\" data-element_type=\"container\" data-e-type=\"container\">\n\t\t\t\t<div class=\"elementor-element elementor-element-b40b294 wd-width-100 elementor-widget elementor-widget-wd_title\" data-id=\"b40b294\" data-element_type=\"widget\" data-e-type=\"widget\" data-widget_type=\"wd_title.default\">\n\t\t\t\t<div class=\"elementor-widget-container\">\n\t\t\t\t\t\t\t<div class=\"title-wrapper set-mb-s reset-last-child wd-title-color-default wd-title-style-default wd-title-size-medium text-left\">\n\n\t\t\t\n\t\t\t<div class=\"liner-continer\">\n\t\t\t\t<h3 class=\"woodmart-title-container title wd-fontsize-xl\">\u017d\u00e1dn\u00e1 kontrola ani p\u0159ehled <\/h3> \n\t\t\t\t\t\t\t<\/div>\n\n\t\t\t\t\t\t\t<div class=\"title-after_title set-cont-mb-s reset-last-child wd-fontsize-s\">\n\t\t\t\t\t<p>Cukrovinky.sk p\u016fsob\u00ed na slovensk\u00e9m i \u010desk\u00e9m trhu, proto bylo obt\u00ed\u017en\u00e9 poskytnout zpr\u00e1vu ve dvou r\u016fzn\u00fdch verz\u00edch. Nehled\u011b na to, \u017ee p\u0159ed zaveden\u00edm \u0159e\u0161en\u00ed Neoship a Chameleoon panoval chaos s vyd\u00e1v\u00e1n\u00edm zbo\u017e\u00ed na sklad a n\u00e1sledn\u00fdm p\u0159i\u0159azov\u00e1n\u00edm k objedn\u00e1vk\u00e1m. Neexistovala prakticky \u017e\u00e1dn\u00e1 technick\u00e1 kontrola zbo\u017e\u00ed. To vedlo k procesn\u00edm chyb\u00e1m, nespr\u00e1vn\u011b expedovan\u00fdm objedn\u00e1vk\u00e1m a chaosu ve skladu.   <\/p>\t\t\t\t<\/div>\n\t\t\t\t\t<\/div>\n\t\t\t\t\t\t<\/div>\n\t\t\t\t<\/div>\n\t\t\t\t<\/div>\n\t\t<div class=\"elementor-element elementor-element-b8efc2a e-con-full e-flex e-con e-child\" data-id=\"b8efc2a\" data-element_type=\"container\" data-e-type=\"container\">\n\t\t\t\t<div class=\"elementor-element elementor-element-8401817 elementor-widget elementor-widget-image\" data-id=\"8401817\" data-element_type=\"widget\" data-e-type=\"widget\" data-widget_type=\"image.default\">\n\t\t\t\t<div class=\"elementor-widget-container\">\n\t\t\t\t\t\t\t\t\t\t\t\t\t\t\t<img decoding=\"async\" width=\"1080\" height=\"1350\" src=\"https:\/\/www.chameleoon.sk\/wp-content\/uploads\/2024\/06\/cukrovinky_2.jpg\" class=\"attachment-full size-full wp-image-31270\" alt=\"\" srcset=\"https:\/\/www.chameleoon.sk\/wp-content\/uploads\/2024\/06\/cukrovinky_2.jpg 1080w, https:\/\/www.chameleoon.sk\/wp-content\/uploads\/2024\/06\/cukrovinky_2-430x538.jpg 430w, https:\/\/www.chameleoon.sk\/wp-content\/uploads\/2024\/06\/cukrovinky_2-150x188.jpg 150w, https:\/\/www.chameleoon.sk\/wp-content\/uploads\/2024\/06\/cukrovinky_2-700x875.jpg 700w, https:\/\/www.chameleoon.sk\/wp-content\/uploads\/2024\/06\/cukrovinky_2-240x300.jpg 240w, https:\/\/www.chameleoon.sk\/wp-content\/uploads\/2024\/06\/cukrovinky_2-640x800.jpg 640w, https:\/\/www.chameleoon.sk\/wp-content\/uploads\/2024\/06\/cukrovinky_2-768x960.jpg 768w\" sizes=\"(max-width: 1080px) 100vw, 1080px\" \/>\t\t\t\t\t\t\t\t\t\t\t\t\t\t\t<\/div>\n\t\t\t\t<\/div>\n\t\t\t\t<\/div>\n\t\t\t\t\t<\/div>\n\t\t\t\t<\/div>\n\t\t<div class=\"elementor-element elementor-element-c720c59 e-flex e-con-boxed e-con e-parent\" data-id=\"c720c59\" data-element_type=\"container\" data-e-type=\"container\">\n\t\t\t\t\t<div class=\"e-con-inner\">\n\t\t<div class=\"elementor-element elementor-element-74828ba e-con-full elementor-hidden-tablet e-flex e-con e-child\" data-id=\"74828ba\" data-element_type=\"container\" data-e-type=\"container\">\n\t\t\t\t<div class=\"elementor-element elementor-element-9c5020d elementor-widget elementor-widget-image\" data-id=\"9c5020d\" data-element_type=\"widget\" data-e-type=\"widget\" data-widget_type=\"image.default\">\n\t\t\t\t<div class=\"elementor-widget-container\">\n\t\t\t\t\t\t\t\t\t\t\t\t\t\t\t<img decoding=\"async\" width=\"1080\" height=\"689\" src=\"https:\/\/www.chameleoon.sk\/wp-content\/uploads\/2024\/06\/cukrovinky.jpg\" class=\"attachment-large size-large wp-image-31269\" alt=\"\" srcset=\"https:\/\/www.chameleoon.sk\/wp-content\/uploads\/2024\/06\/cukrovinky.jpg 1080w, https:\/\/www.chameleoon.sk\/wp-content\/uploads\/2024\/06\/cukrovinky-430x274.jpg 430w, https:\/\/www.chameleoon.sk\/wp-content\/uploads\/2024\/06\/cukrovinky-150x96.jpg 150w, https:\/\/www.chameleoon.sk\/wp-content\/uploads\/2024\/06\/cukrovinky-700x447.jpg 700w, https:\/\/www.chameleoon.sk\/wp-content\/uploads\/2024\/06\/cukrovinky-400x255.jpg 400w, https:\/\/www.chameleoon.sk\/wp-content\/uploads\/2024\/06\/cukrovinky-768x490.jpg 768w\" sizes=\"(max-width: 1080px) 100vw, 1080px\" \/>\t\t\t\t\t\t\t\t\t\t\t\t\t\t\t<\/div>\n\t\t\t\t<\/div>\n\t\t\t\t<\/div>\n\t\t<div class=\"elementor-element elementor-element-a61d1c0 e-con-full e-flex e-con e-child\" data-id=\"a61d1c0\" data-element_type=\"container\" data-e-type=\"container\">\n\t\t\t\t<div class=\"elementor-element elementor-element-d8832e2 wd-width-100 elementor-widget elementor-widget-wd_title\" data-id=\"d8832e2\" data-element_type=\"widget\" data-e-type=\"widget\" data-widget_type=\"wd_title.default\">\n\t\t\t\t<div class=\"elementor-widget-container\">\n\t\t\t\t\t\t\t<div class=\"title-wrapper set-mb-s reset-last-child wd-title-color-default wd-title-style-default wd-title-size-medium text-left\">\n\n\t\t\t\n\t\t\t<div class=\"liner-continer\">\n\t\t\t\t<h3 class=\"woodmart-title-container title wd-fontsize-xl\">Spr\u00e1vn\u00e1 \u0159e\u0161en\u00ed  <\/h3> \n\t\t\t\t\t\t\t<\/div>\n\n\t\t\t\t\t\t\t<div class=\"title-after_title set-cont-mb-s reset-last-child wd-fontsize-s\">\n\t\t\t\t\t<p>Propojen\u00ed kur\u00fdrn\u00edch slu\u017eeb z dispe\u010dersk\u00e9ho syst\u00e9mu Neoship s Chameleoonem se uk\u00e1zalo jako spr\u00e1vn\u00fd krok. Usnadnilo to generov\u00e1n\u00ed \u0161t\u00edtk\u016f, sledov\u00e1n\u00ed stavu objedn\u00e1vek a generov\u00e1n\u00ed faktur i n\u00e1sledn\u00e9 marketingov\u00e9 aktivity. Zajistilo lep\u0161\u00ed sledov\u00e1n\u00ed zbo\u017e\u00ed expedovan\u00e9ho ze skladu a celkov\u011b zjednodu\u0161ilo procesy, kter\u00e9 d\u0159\u00edve z\u00e1visely pouze na ru\u010dn\u00edm zad\u00e1v\u00e1n\u00ed.    <\/p><p> <\/p><p><em>\"Implementovan\u00e1 \u0159e\u0161en\u00ed od spole\u010dnost\u00ed Chameleoon a Neoship maj\u00ed jasn\u00fd p\u0159\u00ednos pro efektivitu na\u0161ich proces\u016f a \u00fasporu n\u00e1klad\u016f. D\u00edky nim jsme zkvalitnili na\u0161e slu\u017eby z\u00e1kazn\u00edk\u016fm a zv\u00fd\u0161ili \u00farove\u0148 obsluhy. Z\u00e1rove\u0148 jsme z\u00edskali prostor pro dal\u0161\u00ed r\u016fst na\u0161eho podnik\u00e1n\u00ed, ani\u017e bychom museli p\u0159ij\u00edmat nov\u00e9 zam\u011bstnance. \"<\/em><\/p>\t\t\t\t<\/div>\n\t\t\t\t\t<\/div>\n\t\t\t\t\t\t<\/div>\n\t\t\t\t<\/div>\n\t\t\t\t<\/div>\n\t\t\t\t\t<\/div>\n\t\t\t\t<\/div>\n\t\t<div class=\"elementor-element elementor-element-3c81c88 wd-section-stretch e-flex e-con-boxed e-con e-parent\" data-id=\"3c81c88\" data-element_type=\"container\" data-e-type=\"container\" data-settings=\"{&quot;background_background&quot;:&quot;gradient&quot;}\">\n\t\t\t\t\t<div class=\"e-con-inner\">\n\t\t<div class=\"elementor-element elementor-element-a97cb13 e-con-full e-flex e-con e-child\" data-id=\"a97cb13\" data-element_type=\"container\" data-e-type=\"container\">\n\t\t\t\t<div class=\"elementor-element elementor-element-44ad3fb wd-width-100 elementor-widget elementor-widget-wd_title\" data-id=\"44ad3fb\" data-element_type=\"widget\" data-e-type=\"widget\" data-widget_type=\"wd_title.default\">\n\t\t\t\t<div class=\"elementor-widget-container\">\n\t\t\t\t\t\t\t<div class=\"title-wrapper set-mb-s reset-last-child wd-title-color-default wd-title-style-default wd-title-size-medium text-left\">\n\n\t\t\t\n\t\t\t<div class=\"liner-continer\">\n\t\t\t\t<h3 class=\"woodmart-title-container title wd-fontsize-xl\">V\u00edce \u010dasu na z\u00e1kaznickou podporu a marketing  <\/h3> \n\t\t\t\t\t\t\t<\/div>\n\n\t\t\t\t\t\t\t<div class=\"title-after_title set-cont-mb-s reset-last-child wd-fontsize-s\">\n\t\t\t\t\t<p>Obchodn\u00ed mana\u017eer Peter Tur\u0148a n\u00e1m sd\u011blil, \u017ee krom\u011b \u00faspory \u010dasu a sn\u00ed\u017een\u00ed chybovosti a\u017e o 90 %, co\u017e vedlo k v\u00fdrazn\u00e9mu sn\u00ed\u017een\u00ed po\u010dtu reklamac\u00ed, jim zaveden\u00e1 \u0159e\u0161en\u00ed p\u0159inesla i dal\u0161\u00ed v\u00fdhody, jako nap\u0159.:  <\/p><ul><li>pohodln\u00e1 zastupitelnost b\u011bhem dovolen\u00e9, nemocensk\u00e9 apod.,<\/li><li>b\u011bhem sez\u00f3ny nen\u00ed pot\u0159eba p\u0159ij\u00edmat nov\u00e9 zam\u011bstnance, i kdy\u017e z\u00e1silek je v\u00edce ne\u017e v minulosti,  <\/li><li>Zam\u011bstnanci maj\u00ed v\u00edce \u010dasu na p\u00e9\u010di o z\u00e1kazn\u00edky a marketing d\u00edky \u00faspo\u0159e \u010dasu 1-2 hodiny denn\u011b.<\/li><\/ul>\t\t\t\t<\/div>\n\t\t\t\t\t<\/div>\n\t\t\t\t\t\t<\/div>\n\t\t\t\t<\/div>\n\t\t\t\t<\/div>\n\t\t<div class=\"elementor-element elementor-element-7ab80ef e-con-full e-flex e-con e-child\" data-id=\"7ab80ef\" data-element_type=\"container\" data-e-type=\"container\">\n\t\t\t\t<div class=\"elementor-element elementor-element-5493443 elementor-widget elementor-widget-image\" data-id=\"5493443\" data-element_type=\"widget\" data-e-type=\"widget\" data-widget_type=\"image.default\">\n\t\t\t\t<div class=\"elementor-widget-container\">\n\t\t\t\t\t\t\t\t\t\t\t\t\t\t\t<img loading=\"lazy\" decoding=\"async\" width=\"768\" height=\"512\" src=\"https:\/\/www.chameleoon.sk\/wp-content\/uploads\/2024\/06\/cukrovinky_3-768x512.jpg\" class=\"attachment-medium_large size-medium_large wp-image-31271\" alt=\"\" srcset=\"https:\/\/www.chameleoon.sk\/wp-content\/uploads\/2024\/06\/cukrovinky_3-768x512.jpg 768w, https:\/\/www.chameleoon.sk\/wp-content\/uploads\/2024\/06\/cukrovinky_3-430x287.jpg 430w, https:\/\/www.chameleoon.sk\/wp-content\/uploads\/2024\/06\/cukrovinky_3-150x100.jpg 150w, https:\/\/www.chameleoon.sk\/wp-content\/uploads\/2024\/06\/cukrovinky_3-700x467.jpg 700w, https:\/\/www.chameleoon.sk\/wp-content\/uploads\/2024\/06\/cukrovinky_3-400x267.jpg 400w, https:\/\/www.chameleoon.sk\/wp-content\/uploads\/2024\/06\/cukrovinky_3.jpg 1080w\" sizes=\"(max-width: 768px) 100vw, 768px\" \/>\t\t\t\t\t\t\t\t\t\t\t\t\t\t\t<\/div>\n\t\t\t\t<\/div>\n\t\t\t\t<\/div>\n\t\t\t\t\t<\/div>\n\t\t\t\t<\/div>\n\t\t<div class=\"elementor-element elementor-element-1ea6186 e-flex e-con-boxed e-con e-parent\" data-id=\"1ea6186\" data-element_type=\"container\" data-e-type=\"container\">\n\t\t\t\t\t<div class=\"e-con-inner\">\n\t\t<div class=\"elementor-element elementor-element-daeccc0 e-con-full elementor-hidden-tablet e-flex e-con e-child\" data-id=\"daeccc0\" data-element_type=\"container\" data-e-type=\"container\">\n\t\t\t\t<div class=\"elementor-element elementor-element-d200c69 elementor-widget elementor-widget-image\" data-id=\"d200c69\" data-element_type=\"widget\" data-e-type=\"widget\" data-widget_type=\"image.default\">\n\t\t\t\t<div class=\"elementor-widget-container\">\n\t\t\t\t\t\t\t\t\t\t\t\t\t\t\t<img loading=\"lazy\" decoding=\"async\" width=\"1245\" height=\"800\" src=\"https:\/\/www.chameleoon.sk\/wp-content\/uploads\/2024\/06\/dizajn-web-06-1245x800.png\" class=\"attachment-large size-large wp-image-31247\" alt=\"\" srcset=\"https:\/\/www.chameleoon.sk\/wp-content\/uploads\/2024\/06\/dizajn-web-06-1245x800.png 1245w, https:\/\/www.chameleoon.sk\/wp-content\/uploads\/2024\/06\/dizajn-web-06-430x276.png 430w, https:\/\/www.chameleoon.sk\/wp-content\/uploads\/2024\/06\/dizajn-web-06-150x96.png 150w, https:\/\/www.chameleoon.sk\/wp-content\/uploads\/2024\/06\/dizajn-web-06-700x450.png 700w, https:\/\/www.chameleoon.sk\/wp-content\/uploads\/2024\/06\/dizajn-web-06-400x257.png 400w, https:\/\/www.chameleoon.sk\/wp-content\/uploads\/2024\/06\/dizajn-web-06-768x494.png 768w, https:\/\/www.chameleoon.sk\/wp-content\/uploads\/2024\/06\/dizajn-web-06-1536x987.png 1536w, https:\/\/www.chameleoon.sk\/wp-content\/uploads\/2024\/06\/dizajn-web-06-2048x1317.png 2048w\" sizes=\"(max-width: 1245px) 100vw, 1245px\" \/>\t\t\t\t\t\t\t\t\t\t\t\t\t\t\t<\/div>\n\t\t\t\t<\/div>\n\t\t\t\t<\/div>\n\t\t<div class=\"elementor-element elementor-element-63ae3a8 e-con-full e-flex e-con e-child\" data-id=\"63ae3a8\" data-element_type=\"container\" data-e-type=\"container\">\n\t\t\t\t<div class=\"elementor-element elementor-element-245474e wd-width-100 elementor-widget elementor-widget-wd_title\" data-id=\"245474e\" data-element_type=\"widget\" data-e-type=\"widget\" data-widget_type=\"wd_title.default\">\n\t\t\t\t<div class=\"elementor-widget-container\">\n\t\t\t\t\t\t\t<div class=\"title-wrapper set-mb-s reset-last-child wd-title-color-default wd-title-style-default wd-title-size-medium text-left\">\n\n\t\t\t\n\t\t\t<div class=\"liner-continer\">\n\t\t\t\t<h3 class=\"woodmart-title-container title wd-fontsize-xl\">Vydejte se cestou \u00fasp\u011b\u0161n\u00fdch  <\/h3> \n\t\t\t\t\t\t\t<\/div>\n\n\t\t\t\t\t\t\t<div class=\"title-after_title set-cont-mb-s reset-last-child wd-fontsize-s\">\n\t\t\t\t\t<p><span class=\"TextRun SCXW76672404 BCX0\"><span class=\"NormalTextRun SCXW76672404 BCX0\">\u00dasp\u011bch ka\u017ed\u00e9ho mal\u00e9ho nebo velk\u00e9ho e-<\/span><span class=\"NormalTextRun SpellingErrorV2Themed SCXW76672404 BCX0\">shopu<\/span><span class=\"NormalTextRun SCXW76672404 BCX0\">  z\u00e1vis\u00ed na spr\u00e1vn\u00fdch \u0159e\u0161en\u00edch. Vyberte si to nejlep\u0161\u00ed pro v\u00e1s <\/span><span class=\"NormalTextRun SCXW76672404 BCX0\">  a odes\u00edlat rychle a bez chyb.<\/span><\/span><\/p>\t\t\t\t<\/div>\n\t\t\t\t\t<\/div>\n\t\t\t\t\t\t<\/div>\n\t\t\t\t<\/div>\n\t\t\t\t<\/div>\n\t\t\t\t\t<\/div>\n\t\t\t\t<\/div>\n\t\t<div class=\"elementor-element elementor-element-faac47b e-grid elementor-hidden-desktop elementor-hidden-tablet elementor-hidden-mobile e-con-boxed e-con e-parent\" data-id=\"faac47b\" data-element_type=\"container\" data-e-type=\"container\">\n\t\t\t\t\t<div class=\"e-con-inner\">\n\t\t\t\t<div class=\"elementor-element elementor-element-55380f9 elementor-position-top elementor-widget elementor-widget-image-box\" data-id=\"55380f9\" data-element_type=\"widget\" data-e-type=\"widget\" data-widget_type=\"image-box.default\">\n\t\t\t\t<div class=\"elementor-widget-container\">\n\t\t\t\t\t<div class=\"elementor-image-box-wrapper\"><figure class=\"elementor-image-box-img\"><img loading=\"lazy\" decoding=\"async\" width=\"70\" height=\"70\" src=\"https:\/\/www.chameleoon.sk\/wp-content\/uploads\/2024\/04\/box.svg\" class=\"attachment-full size-full wp-image-34922\" alt=\"V\u00edce ne\u017e 10 milion\u016f p\u0159epravn\u00edch objedn\u00e1vek\" \/><\/figure><div class=\"elementor-image-box-content\"><h3 class=\"elementor-image-box-title\">Spole\u010dn\u00e9 prost\u0159ed\u00ed pro kur\u00fdry<\/h3><p class=\"elementor-image-box-description\">Chameleoon nen\u00ed z\u00e1suvn\u00fd modul, ale samostatn\u00e1 aplikace.  <\/p><\/div><\/div>\t\t\t\t<\/div>\n\t\t\t\t<\/div>\n\t\t\t\t<div class=\"elementor-element elementor-element-43786ae elementor-position-top elementor-widget elementor-widget-image-box\" data-id=\"43786ae\" data-element_type=\"widget\" data-e-type=\"widget\" data-widget_type=\"image-box.default\">\n\t\t\t\t<div class=\"elementor-widget-container\">\n\t\t\t\t\t<div class=\"elementor-image-box-wrapper\"><figure class=\"elementor-image-box-img\"><img loading=\"lazy\" decoding=\"async\" width=\"56\" height=\"56\" src=\"https:\/\/www.chameleoon.sk\/wp-content\/uploads\/2024\/04\/list.svg\" class=\"attachment-full size-full wp-image-34923\" alt=\"Zbo\u017e\u00ed pod kontrolou\" \/><\/figure><div class=\"elementor-image-box-content\"><h3 class=\"elementor-image-box-title\">Zpracov\u00e1n\u00ed hromadn\u00fdch objedn\u00e1vek<\/h3><p class=\"elementor-image-box-description\">Chameleoon nen\u00ed z\u00e1suvn\u00fd modul, ale samostatn\u00e1 aplikace.  <\/p><\/div><\/div>\t\t\t\t<\/div>\n\t\t\t\t<\/div>\n\t\t\t\t<div class=\"elementor-element elementor-element-42af954 elementor-position-top elementor-widget elementor-widget-image-box\" data-id=\"42af954\" data-element_type=\"widget\" data-e-type=\"widget\" data-widget_type=\"image-box.default\">\n\t\t\t\t<div class=\"elementor-widget-container\">\n\t\t\t\t\t<div class=\"elementor-image-box-wrapper\"><figure class=\"elementor-image-box-img\"><img loading=\"lazy\" decoding=\"async\" width=\"56\" height=\"56\" src=\"https:\/\/www.chameleoon.sk\/wp-content\/uploads\/2024\/04\/senkvecne.svg\" class=\"attachment-full size-full wp-image-34924\" alt=\"Propojen\u00ed s e-shopy a ERP\" \/><\/figure><div class=\"elementor-image-box-content\"><h3 class=\"elementor-image-box-title\">Sekven\u010dn\u00ed zpracov\u00e1n\u00ed objedn\u00e1vek<\/h3><p class=\"elementor-image-box-description\">Chameleoon nen\u00ed z\u00e1suvn\u00fd modul, ale samostatn\u00e1 aplikace.  <\/p><\/div><\/div>\t\t\t\t<\/div>\n\t\t\t\t<\/div>\n\t\t\t\t<div class=\"elementor-element elementor-element-6eb9de6 elementor-position-top elementor-widget elementor-widget-image-box\" data-id=\"6eb9de6\" data-element_type=\"widget\" data-e-type=\"widget\" data-widget_type=\"image-box.default\">\n\t\t\t\t<div class=\"elementor-widget-container\">\n\t\t\t\t\t<div class=\"elementor-image-box-wrapper\"><figure class=\"elementor-image-box-img\"><img loading=\"lazy\" decoding=\"async\" width=\"56\" height=\"56\" src=\"https:\/\/www.chameleoon.sk\/wp-content\/uploads\/2024\/04\/kuriery.svg\" class=\"attachment-full size-full wp-image-34925\" alt=\"25+ odkaz\u016f na kur\u00fdry\" \/><\/figure><div class=\"elementor-image-box-content\"><h3 class=\"elementor-image-box-title\">Mno\u017estv\u00ed kur\u00fdr\u016f bez omezen\u00ed<\/h3><p class=\"elementor-image-box-description\">Chameleoon nen\u00ed z\u00e1suvn\u00fd modul, ale samostatn\u00e1 aplikace.  <\/p><\/div><\/div>\t\t\t\t<\/div>\n\t\t\t\t<\/div>\n\t\t\t\t<div class=\"elementor-element elementor-element-91ed495 elementor-position-top elementor-widget elementor-widget-image-box\" data-id=\"91ed495\" data-element_type=\"widget\" data-e-type=\"widget\" data-widget_type=\"image-box.default\">\n\t\t\t\t<div class=\"elementor-widget-container\">\n\t\t\t\t\t<div class=\"elementor-image-box-wrapper\"><figure class=\"elementor-image-box-img\"><img loading=\"lazy\" decoding=\"async\" width=\"56\" height=\"56\" src=\"https:\/\/www.chameleoon.sk\/wp-content\/uploads\/2024\/04\/zapis.svg\" class=\"attachment-full size-full wp-image-34926\" alt=\"Zad\u00e1n\u00ed \u010d\u00edsla z\u00e1silky\" \/><\/figure><div class=\"elementor-image-box-content\"><h3 class=\"elementor-image-box-title\">Zad\u00e1n\u00ed \u010d\u00edsla z\u00e1silky<\/h3><p class=\"elementor-image-box-description\">Chameleoon nen\u00ed z\u00e1suvn\u00fd modul, ale samostatn\u00e1 aplikace.  <\/p><\/div><\/div>\t\t\t\t<\/div>\n\t\t\t\t<\/div>\n\t\t\t\t<div class=\"elementor-element elementor-element-75a3b96 elementor-position-top elementor-widget elementor-widget-image-box\" data-id=\"75a3b96\" data-element_type=\"widget\" data-e-type=\"widget\" data-widget_type=\"image-box.default\">\n\t\t\t\t<div class=\"elementor-widget-container\">\n\t\t\t\t\t<div class=\"elementor-image-box-wrapper\"><figure class=\"elementor-image-box-img\"><img loading=\"lazy\" decoding=\"async\" width=\"56\" height=\"56\" src=\"https:\/\/www.chameleoon.sk\/wp-content\/uploads\/2024\/04\/sledovanie.svg\" class=\"attachment-full size-full wp-image-34927\" alt=\"Sledov\u00e1n\u00ed z\u00e1silek\" \/><\/figure><div class=\"elementor-image-box-content\"><h3 class=\"elementor-image-box-title\">Sledov\u00e1n\u00ed z\u00e1silek<\/h3><p class=\"elementor-image-box-description\">Chameleoon nen\u00ed z\u00e1suvn\u00fd modul, ale samostatn\u00e1 aplikace.  <\/p><\/div><\/div>\t\t\t\t<\/div>\n\t\t\t\t<\/div>\n\t\t\t\t\t<\/div>\n\t\t\t\t<\/div>\n\t\t\t\t<\/div>\n\t\t","protected":false},"excerpt":{"rendered":"<p>Sladk\u00fd r\u00e1j i d\u00edky spr\u00e1vn\u00fdm \u0159e\u0161en\u00edm Nejslad\u0161\u00ed e-shop s obrovsk\u00fdm v\u00fdb\u011brem sladkost\u00ed, cukrovinek, pe\u010diva, slan\u00fdch pochutin a n\u00e1poj\u016f. Prost\u011b sladk\u00fd<\/p>\n","protected":false},"author":5,"featured_media":0,"parent":31232,"menu_order":0,"comment_status":"closed","ping_status":"closed","template":"","meta":{"footnotes":""},"class_list":["post-31267","page","type-page","status-publish","hentry"],"_links":{"self":[{"href":"https:\/\/www.chameleoon.sk\/cs\/wp-json\/wp\/v2\/pages\/31267","targetHints":{"allow":["GET"]}}],"collection":[{"href":"https:\/\/www.chameleoon.sk\/cs\/wp-json\/wp\/v2\/pages"}],"about":[{"href":"https:\/\/www.chameleoon.sk\/cs\/wp-json\/wp\/v2\/types\/page"}],"author":[{"embeddable":true,"href":"https:\/\/www.chameleoon.sk\/cs\/wp-json\/wp\/v2\/users\/5"}],"replies":[{"embeddable":true,"href":"https:\/\/www.chameleoon.sk\/cs\/wp-json\/wp\/v2\/comments?post=31267"}],"version-history":[{"count":4,"href":"https:\/\/www.chameleoon.sk\/cs\/wp-json\/wp\/v2\/pages\/31267\/revisions"}],"predecessor-version":[{"id":35263,"href":"https:\/\/www.chameleoon.sk\/cs\/wp-json\/wp\/v2\/pages\/31267\/revisions\/35263"}],"up":[{"embeddable":true,"href":"https:\/\/www.chameleoon.sk\/cs\/wp-json\/wp\/v2\/pages\/31232"}],"wp:attachment":[{"href":"https:\/\/www.chameleoon.sk\/cs\/wp-json\/wp\/v2\/media?parent=31267"}],"curies":[{"name":"wp","href":"https:\/\/api.w.org\/{rel}","templated":true}]}}