{"id":31276,"date":"2024-04-23T10:39:10","date_gmt":"2024-04-23T08:39:10","guid":{"rendered":"https:\/\/www.chameleoon.sk\/formular\/"},"modified":"2026-04-09T13:44:49","modified_gmt":"2026-04-09T11:44:49","slug":"formular","status":"publish","type":"page","link":"https:\/\/www.chameleoon.sk\/cs\/formular\/","title":{"rendered":"Formul\u00e1\u0159"},"content":{"rendered":"\t\t<div data-elementor-type=\"wp-page\" data-elementor-id=\"31276\" class=\"elementor elementor-31276 elementor-28578\" data-elementor-post-type=\"page\">\n\t\t\t\t<div class=\"elementor-element elementor-element-7784ba8 e-flex e-con-boxed e-con e-parent\" data-id=\"7784ba8\" data-element_type=\"container\" data-e-type=\"container\">\n\t\t\t\t\t<div class=\"e-con-inner\">\n\t\t\t\t<div class=\"elementor-element elementor-element-d05ae5c wd-width-100 elementor-widget elementor-widget-wd_title\" data-id=\"d05ae5c\" data-element_type=\"widget\" data-e-type=\"widget\" data-widget_type=\"wd_title.default\">\n\t\t\t\t<div class=\"elementor-widget-container\">\n\t\t\t\t\t\t\t<div class=\"title-wrapper set-mb-s reset-last-child wd-title-color-default wd-title-style-default wd-title-size-medium text-center\">\n\n\t\t\t\t\t\t\t<div class=\"title-subtitle subtitle-color-default subtitle-style-default wd-fontsize-xs\">\n\t\t\t\t\tNosi\u010de a syst\u00e9my\t\t\t\t<\/div>\n\t\t\t\n\t\t\t<div class=\"liner-continer\">\n\t\t\t\t<h3 class=\"woodmart-title-container title wd-fontsize-xl\">Po\u0161lete n\u00e1m formul\u00e1\u0159<\/h3> \n\t\t\t\t\t\t\t<\/div>\n\n\t\t\t\t\t\t\t<div class=\"title-after_title set-cont-mb-s reset-last-child wd-fontsize-s\">\n\t\t\t\t\t<p>Chameleoon nen\u00ed z\u00e1suvn\u00fd modul, ale samostatn\u00e1 aplikace. To j\u00ed poskytuje obrovskou v\u00fdhodu p\u0159i vy\u0159izov\u00e1n\u00ed objedn\u00e1vek. Prost\u0159ed\u00ed bylo navr\u017eeno speci\u00e1ln\u011b pro rezervaci p\u0159epravy u kur\u00fdr\u016f na z\u00e1klad\u011b va\u0161ich objedn\u00e1vek nebo faktur.<\/p>\t\t\t\t<\/div>\n\t\t\t\t\t<\/div>\n\t\t\t\t\t\t<\/div>\n\t\t\t\t<\/div>\n\t\t\t\t\t<\/div>\n\t\t\t\t<\/div>\n\t\t<div class=\"elementor-element elementor-element-c15ecc5 e-flex e-con-boxed e-con e-parent\" data-id=\"c15ecc5\" data-element_type=\"container\" data-e-type=\"container\">\n\t\t\t\t\t<div class=\"e-con-inner\">\n\t\t\t\t<div class=\"elementor-element elementor-element-2afb514 elementor-widget elementor-widget-shortcode\" data-id=\"2afb514\" data-element_type=\"widget\" data-e-type=\"widget\" data-widget_type=\"shortcode.default\">\n\t\t\t\t<div class=\"elementor-widget-container\">\n\t\t\t\t\t\t\t<div class=\"elementor-shortcode\"><style id=\"wpforms-css-vars-28340\">\n\t\t\t\t#wpforms-28340 {\n\t\t\t\t\n\t\t\t}\n\t\t\t<\/style><div class=\"wpforms-container wpforms-container-full wpforms-render-modern\" id=\"wpforms-28340\"><form id=\"wpforms-form-28340\" class=\"wpforms-validate wpforms-form wpforms-ajax-form\" data-formid=\"28340\" method=\"post\" enctype=\"multipart\/form-data\" action=\"\/cs\/wp-json\/wp\/v2\/pages\/31276\" data-token=\"96399b9f31d619917d17fe1929cdd301\" data-token-time=\"1777591446\"><noscript class=\"wpforms-error-noscript\">Chcete-li vyplnit tento formul\u00e1\u0159, pros\u00edm povolte v prohl\u00ed\u017ee\u010di JavaScript.<\/noscript><div id=\"wpforms-error-noscript\" style=\"display: none;\">Chcete-li vyplnit tento formul\u00e1\u0159, pros\u00edm povolte v prohl\u00ed\u017ee\u010di JavaScript.<\/div><div class=\"wpforms-field-container\"><div id=\"wpforms-28340-field_0-container\" class=\"wpforms-field wpforms-field-name wpforms-one-half wpforms-first\" data-field-id=\"0\"><label class=\"wpforms-field-label\" for=\"wpforms-28340-field_0\">Jm\u00e9no <span class=\"wpforms-required-label\" aria-hidden=\"true\">*<\/span><\/label><input type=\"text\" id=\"wpforms-28340-field_0\" class=\"wpforms-field-large wpforms-field-required\" name=\"wpforms[fields][0]\" aria-errormessage=\"wpforms-28340-field_0-error\" required><\/div><div id=\"wpforms-28340-field_1-container\" class=\"wpforms-field wpforms-field-email wpforms-one-half\" data-field-id=\"1\"><label class=\"wpforms-field-label\" for=\"wpforms-28340-field_1\">Email <span class=\"wpforms-required-label\" aria-hidden=\"true\">*<\/span><\/label><input type=\"email\" id=\"wpforms-28340-field_1\" class=\"wpforms-field-large wpforms-field-required\" name=\"wpforms[fields][1]\" spellcheck=\"false\" aria-errormessage=\"wpforms-28340-field_1-error\" required><\/div><div id=\"wpforms-28340-field_3-container\" class=\"wpforms-field wpforms-field-name wpforms-one-half wpforms-first\" data-field-id=\"3\"><label class=\"wpforms-field-label\" for=\"wpforms-28340-field_3\">M\u011bsto<\/label><input type=\"text\" id=\"wpforms-28340-field_3\" class=\"wpforms-field-large\" name=\"wpforms[fields][3]\" aria-errormessage=\"wpforms-28340-field_3-error\" ><\/div><div id=\"wpforms-28340-field_4-container\" class=\"wpforms-field wpforms-field-name wpforms-one-half\" data-field-id=\"4\"><label class=\"wpforms-field-label\" for=\"wpforms-28340-field_4\">Telefon<\/label><input type=\"text\" id=\"wpforms-28340-field_4\" class=\"wpforms-field-large\" name=\"wpforms[fields][4]\" aria-errormessage=\"wpforms-28340-field_4-error\" ><\/div><div id=\"wpforms-28340-field_2-container\" class=\"wpforms-field wpforms-field-textarea\" data-field-id=\"2\"><label class=\"wpforms-field-label\" for=\"wpforms-28340-field_2\">Va\u0161e zpr\u00e1va<\/label><textarea id=\"wpforms-28340-field_2\" class=\"wpforms-field-medium\" name=\"wpforms[fields][2]\" aria-errormessage=\"wpforms-28340-field_2-error\" ><\/textarea><\/div><\/div><!-- .wpforms-field-container --><div class=\"wpforms-recaptcha-container wpforms-is-recaptcha wpforms-is-recaptcha-type-v3\" ><input type=\"hidden\" name=\"wpforms[recaptcha]\" value=\"\"><\/div><div class=\"wpforms-submit-container\" ><input type=\"hidden\" name=\"wpforms[id]\" value=\"28340\"><input type=\"hidden\" name=\"page_title\" value=\"\"><input type=\"hidden\" name=\"page_url\" value=\"https:\/\/www.chameleoon.sk\/cs\/wp-json\/wp\/v2\/pages\/31276\"><input type=\"hidden\" name=\"url_referer\" value=\"\"><button type=\"submit\" name=\"wpforms[submit]\" id=\"wpforms-submit-28340\" class=\"wpforms-submit\" data-alt-text=\"Odes\u00edl\u00e1 se\" data-submit-text=\"Odeslat formul\u00e1\u0159\" aria-live=\"assertive\" value=\"wpforms-submit\">Odeslat formul\u00e1\u0159<\/button><img decoding=\"async\" src=\"https:\/\/www.chameleoon.sk\/wp-content\/plugins\/wpforms-lite\/assets\/images\/submit-spin.svg\" class=\"wpforms-submit-spinner\" style=\"display: none;\" width=\"26\" height=\"26\" alt=\"Na\u010d\u00edt\u00e1n\u00ed\"><\/div><\/form><\/div>  <!-- .wpforms-container --><\/div>\n\t\t\t\t\t\t<\/div>\n\t\t\t\t<\/div>\n\t\t\t\t\t<\/div>\n\t\t\t\t<\/div>\n\t\t<div class=\"elementor-element elementor-element-5243970 wd-section-stretch e-flex e-con-boxed e-con e-parent\" data-id=\"5243970\" data-element_type=\"container\" data-e-type=\"container\" data-settings=\"{&quot;background_background&quot;:&quot;gradient&quot;}\">\n\t\t\t\t\t<div class=\"e-con-inner\">\n\t\t\t\t<div class=\"elementor-element elementor-element-5eed7fc wd-width-100 elementor-widget elementor-widget-wd_title\" data-id=\"5eed7fc\" data-element_type=\"widget\" data-e-type=\"widget\" data-widget_type=\"wd_title.default\">\n\t\t\t\t<div class=\"elementor-widget-container\">\n\t\t\t\t\t\t\t<div class=\"title-wrapper set-mb-s reset-last-child wd-title-color-default wd-title-style-default wd-title-size-medium text-center\">\n\n\t\t\t\n\t\t\t<div class=\"liner-continer\">\n\t\t\t\t<h3 class=\"woodmart-title-container title wd-fontsize-xl\">M\u00e1te n\u011bjak\u00e9 ot\u00e1zky?<\/h3> \n\t\t\t\t\t\t\t<\/div>\n\n\t\t\t\t\t<\/div>\n\t\t\t\t\t\t<\/div>\n\t\t\t\t<\/div>\n\t\t\t\t\t<\/div>\n\t\t\t\t<\/div>\n\t\t<div class=\"elementor-element elementor-element-da900c8 e-flex e-con-boxed e-con e-parent\" data-id=\"da900c8\" data-element_type=\"container\" data-e-type=\"container\">\n\t\t\t\t\t<div class=\"e-con-inner\">\n\t\t<div class=\"elementor-element elementor-element-11544ba e-con-full e-flex e-con e-child\" data-id=\"11544ba\" data-element_type=\"container\" data-e-type=\"container\">\n\t\t\t\t<div class=\"elementor-element elementor-element-d457122 elementor-position-left elementor-position-top elementor-position-top elementor-vertical-align-top elementor-widget elementor-widget-image-box\" data-id=\"d457122\" data-element_type=\"widget\" data-e-type=\"widget\" data-widget_type=\"image-box.default\">\n\t\t\t\t<div class=\"elementor-widget-container\">\n\t\t\t\t\t<div class=\"elementor-image-box-wrapper\"><figure class=\"elementor-image-box-img\"><img decoding=\"async\" width=\"70\" height=\"70\" src=\"https:\/\/www.chameleoon.sk\/wp-content\/uploads\/2024\/04\/telefon.svg\" class=\"attachment-full size-full wp-image-31279\" alt=\"\" \/><\/figure><div class=\"elementor-image-box-content\"><h3 class=\"elementor-image-box-title\">Telefon<\/h3><p class=\"elementor-image-box-description\">0903 814 262<\/p><\/div><\/div>\t\t\t\t<\/div>\n\t\t\t\t<\/div>\n\t\t\t\t<div class=\"elementor-element elementor-element-f23516a elementor-position-left elementor-position-top elementor-position-top elementor-vertical-align-top elementor-widget elementor-widget-image-box\" data-id=\"f23516a\" data-element_type=\"widget\" data-e-type=\"widget\" data-widget_type=\"image-box.default\">\n\t\t\t\t<div class=\"elementor-widget-container\">\n\t\t\t\t\t<div class=\"elementor-image-box-wrapper\"><figure class=\"elementor-image-box-img\"><img decoding=\"async\" width=\"70\" height=\"70\" src=\"https:\/\/www.chameleoon.sk\/wp-content\/uploads\/2024\/04\/email.svg\" class=\"attachment-full size-full wp-image-31283\" alt=\"\" \/><\/figure><div class=\"elementor-image-box-content\"><h3 class=\"elementor-image-box-title\">E-mail<\/h3><p class=\"elementor-image-box-description\">podpora@chameleoon.sk<\/p><\/div><\/div>\t\t\t\t<\/div>\n\t\t\t\t<\/div>\n\t\t\t\t<div class=\"elementor-element elementor-element-edc3c6f elementor-position-left elementor-position-top elementor-position-top elementor-vertical-align-top elementor-widget elementor-widget-image-box\" data-id=\"edc3c6f\" data-element_type=\"widget\" data-e-type=\"widget\" data-widget_type=\"image-box.default\">\n\t\t\t\t<div class=\"elementor-widget-container\">\n\t\t\t\t\t<div class=\"elementor-image-box-wrapper\"><figure class=\"elementor-image-box-img\"><img loading=\"lazy\" decoding=\"async\" width=\"70\" height=\"70\" src=\"https:\/\/www.chameleoon.sk\/wp-content\/uploads\/2024\/04\/adresa.svg\" class=\"attachment-full size-full wp-image-31284\" alt=\"\" \/><\/figure><div class=\"elementor-image-box-content\"><h3 class=\"elementor-image-box-title\">Adresa<\/h3><p class=\"elementor-image-box-description\">Byt\u010dick\u00e1 9009\/14, 010 01 \u017dilina<\/p><\/div><\/div>\t\t\t\t<\/div>\n\t\t\t\t<\/div>\n\t\t\t\t<\/div>\n\t\t<div class=\"elementor-element elementor-element-8b47ab9 e-con-full e-flex e-con e-child\" data-id=\"8b47ab9\" data-element_type=\"container\" data-e-type=\"container\">\n\t\t\t\t<div class=\"elementor-element elementor-element-266ab9d elementor-hidden-mobile elementor-widget elementor-widget-image\" data-id=\"266ab9d\" data-element_type=\"widget\" data-e-type=\"widget\" data-widget_type=\"image.default\">\n\t\t\t\t<div class=\"elementor-widget-container\">\n\t\t\t\t\t\t\t\t\t\t\t\t\t\t\t<img loading=\"lazy\" decoding=\"async\" width=\"785\" height=\"405\" src=\"https:\/\/www.chameleoon.sk\/wp-content\/uploads\/2024\/04\/kontakt.jpg\" class=\"attachment-large size-large wp-image-31280\" alt=\"\" srcset=\"https:\/\/www.chameleoon.sk\/wp-content\/uploads\/2024\/04\/kontakt.jpg 785w, https:\/\/www.chameleoon.sk\/wp-content\/uploads\/2024\/04\/kontakt-430x222.jpg 430w, https:\/\/www.chameleoon.sk\/wp-content\/uploads\/2024\/04\/kontakt-150x77.jpg 150w, https:\/\/www.chameleoon.sk\/wp-content\/uploads\/2024\/04\/kontakt-700x361.jpg 700w, https:\/\/www.chameleoon.sk\/wp-content\/uploads\/2024\/04\/kontakt-400x206.jpg 400w, https:\/\/www.chameleoon.sk\/wp-content\/uploads\/2024\/04\/kontakt-768x396.jpg 768w\" sizes=\"(max-width: 785px) 100vw, 785px\" \/>\t\t\t\t\t\t\t\t\t\t\t\t\t\t\t<\/div>\n\t\t\t\t<\/div>\n\t\t\t\t<\/div>\n\t\t\t\t\t<\/div>\n\t\t\t\t<\/div>\n\t\t\t\t<\/div>\n\t\t","protected":false},"excerpt":{"rendered":"<p>Nosi\u010de a syst\u00e9my Po\u0161lete n\u00e1m formul\u00e1\u0159 Chameleoon nen\u00ed z\u00e1suvn\u00fd modul, ale samostatn\u00e1 aplikace. To j\u00ed poskytuje obrovskou v\u00fdhodu p\u0159i vy\u0159izov\u00e1n\u00ed<\/p>\n","protected":false},"author":1,"featured_media":0,"parent":0,"menu_order":0,"comment_status":"closed","ping_status":"closed","template":"","meta":{"footnotes":""},"class_list":["post-31276","page","type-page","status-publish","hentry"],"_links":{"self":[{"href":"https:\/\/www.chameleoon.sk\/cs\/wp-json\/wp\/v2\/pages\/31276","targetHints":{"allow":["GET"]}}],"collection":[{"href":"https:\/\/www.chameleoon.sk\/cs\/wp-json\/wp\/v2\/pages"}],"about":[{"href":"https:\/\/www.chameleoon.sk\/cs\/wp-json\/wp\/v2\/types\/page"}],"author":[{"embeddable":true,"href":"https:\/\/www.chameleoon.sk\/cs\/wp-json\/wp\/v2\/users\/1"}],"replies":[{"embeddable":true,"href":"https:\/\/www.chameleoon.sk\/cs\/wp-json\/wp\/v2\/comments?post=31276"}],"version-history":[{"count":1,"href":"https:\/\/www.chameleoon.sk\/cs\/wp-json\/wp\/v2\/pages\/31276\/revisions"}],"predecessor-version":[{"id":31277,"href":"https:\/\/www.chameleoon.sk\/cs\/wp-json\/wp\/v2\/pages\/31276\/revisions\/31277"}],"wp:attachment":[{"href":"https:\/\/www.chameleoon.sk\/cs\/wp-json\/wp\/v2\/media?parent=31276"}],"curies":[{"name":"wp","href":"https:\/\/api.w.org\/{rel}","templated":true}]}}