{"id":33091,"date":"2025-05-02T10:27:27","date_gmt":"2025-05-02T08:27:27","guid":{"rendered":"https:\/\/www.chameleoon.sk\/zasady-ochrany-osobnich-udaju\/"},"modified":"2026-04-09T13:38:38","modified_gmt":"2026-04-09T11:38:38","slug":"zasady-ochrany-osobnich-udaju","status":"publish","type":"page","link":"https:\/\/www.chameleoon.sk\/cs\/zasady-ochrany-osobnich-udaju\/","title":{"rendered":"Z\u00e1sady ochrany osobn\u00edch \u00fadaj\u016f"},"content":{"rendered":"\t\t<div data-elementor-type=\"wp-page\" data-elementor-id=\"33091\" class=\"elementor elementor-33091 elementor-33089\" data-elementor-post-type=\"page\">\n\t\t\t\t<div class=\"wd-negative-gap elementor-element elementor-element-28b235a e-flex e-con-boxed e-con e-parent\" data-id=\"28b235a\" data-element_type=\"container\" data-e-type=\"container\">\n\t\t\t\t\t<div class=\"e-con-inner\">\n\t\t\t\t<div class=\"elementor-element elementor-element-e02ceb2 color-scheme-inherit text-left elementor-widget elementor-widget-text-editor\" data-id=\"e02ceb2\" data-element_type=\"widget\" data-e-type=\"widget\" data-widget_type=\"text-editor.default\">\n\t\t\t\t<div class=\"elementor-widget-container\">\n\t\t\t\t\t\t\t\t\t<p>Osobn\u00ed \u00fadaje, kter\u00e9 n\u00e1m po registraci poskytnete, jsou ulo\u017eeny v\u00fdhradn\u011b na serveru www.chameleoon.sk a nejsou v \u017e\u00e1dn\u00e9m p\u0159\u00edpad\u011b p\u0159\u00edstupn\u00e9 t\u0159et\u00edm stran\u00e1m. Registrace prob\u00edh\u00e1 prost\u0159ednictv\u00edm slu\u017eby Auth0. V t\u00e9to slu\u017eb\u011b se neukl\u00e1daj\u00ed \u017e\u00e1dn\u00e9 osobn\u00ed \u00fadaje, ale pouze \u00fadaje pot\u0159ebn\u00e9 pro p\u0159ihl\u00e1\u0161en\u00ed, tj. jm\u00e9no (u\u017eivatelsk\u00e9 jm\u00e9no), e-mail a heslo v za\u0161ifrovan\u00e9 podob\u011b.  <\/p>\n<p>V na\u0161ich datab\u00e1z\u00edch jsou ulo\u017eeny n\u00e1sleduj\u00edc\u00ed osobn\u00ed \u00fadaje.<\/p>\n<p>Ve\u0161ker\u00e9 osobn\u00ed \u00fadaje, kter\u00e9 n\u00e1m poskytnete p\u0159i registraci nebo jin\u00e9 operaci, slou\u017e\u00ed v\u00fdhradn\u011b pro \u00fa\u010dely administrativn\u00edho zpracov\u00e1n\u00ed va\u0161\u00ed objedn\u00e1vky, pro \u00fa\u010dely vytv\u00e1\u0159en\u00ed a archivace da\u0148ov\u00fdch doklad\u016f a pro provoz slu\u017eby www.chameleoon.sk.<\/p>\n<p>O vymaz\u00e1n\u00ed sv\u00fdch osobn\u00edch \u00fadaj\u016f z datab\u00e1ze m\u016f\u017eete po\u017e\u00e1dat na adrese www.chameleoon.sk prost\u0159ednictv\u00edm e-mailu podpora@chameleoon.sk.<\/p>\n<p>O vymaz\u00e1n\u00ed va\u0161ich \u00fadaj\u016f nebo zru\u0161en\u00ed va\u0161\u00ed registrace v\u00e1s budeme informovat e-mailem. <\/p>\n<p>Provozovatel internetov\u00e9ho obchodu www.chameleoon.sk se v souladu se z\u00e1konem \u010d. 428\/2002 Sb. o ochran\u011b osobn\u00edch \u00fadaj\u016f zavazuje, \u017ee osobn\u00ed \u00fadaje poskytnut\u00e9 kupuj\u00edc\u00edm prost\u0159ednictv\u00edm objedn\u00e1vkov\u00e9ho formul\u00e1\u0159e nebudou poskytnuty \u017e\u00e1dn\u00e9 t\u0159et\u00ed osob\u011b bez souhlasu vlastn\u00edka t\u011bchto \u00fadaj\u016f.   <\/p>\n\t\t\t\t\t\t\t\t<\/div>\n\t\t\t\t<\/div>\n\t\t\t\t\t<\/div>\n\t\t\t\t<\/div>\n\t\t\t\t<\/div>\n\t\t","protected":false},"excerpt":{"rendered":"<p>Osobn\u00ed \u00fadaje, kter\u00e9 n\u00e1m po registraci poskytnete, jsou ulo\u017eeny v\u00fdhradn\u011b na serveru www.chameleoon.sk a nejsou v \u017e\u00e1dn\u00e9m p\u0159\u00edpad\u011b p\u0159\u00edstupn\u00e9 t\u0159et\u00edm<\/p>\n","protected":false},"author":4,"featured_media":0,"parent":0,"menu_order":0,"comment_status":"closed","ping_status":"closed","template":"","meta":{"footnotes":""},"class_list":["post-33091","page","type-page","status-publish","hentry"],"_links":{"self":[{"href":"https:\/\/www.chameleoon.sk\/cs\/wp-json\/wp\/v2\/pages\/33091","targetHints":{"allow":["GET"]}}],"collection":[{"href":"https:\/\/www.chameleoon.sk\/cs\/wp-json\/wp\/v2\/pages"}],"about":[{"href":"https:\/\/www.chameleoon.sk\/cs\/wp-json\/wp\/v2\/types\/page"}],"author":[{"embeddable":true,"href":"https:\/\/www.chameleoon.sk\/cs\/wp-json\/wp\/v2\/users\/4"}],"replies":[{"embeddable":true,"href":"https:\/\/www.chameleoon.sk\/cs\/wp-json\/wp\/v2\/comments?post=33091"}],"version-history":[{"count":1,"href":"https:\/\/www.chameleoon.sk\/cs\/wp-json\/wp\/v2\/pages\/33091\/revisions"}],"predecessor-version":[{"id":33092,"href":"https:\/\/www.chameleoon.sk\/cs\/wp-json\/wp\/v2\/pages\/33091\/revisions\/33092"}],"wp:attachment":[{"href":"https:\/\/www.chameleoon.sk\/cs\/wp-json\/wp\/v2\/media?parent=33091"}],"curies":[{"name":"wp","href":"https:\/\/api.w.org\/{rel}","templated":true}]}}