{"id":32340,"date":"2024-04-17T14:39:14","date_gmt":"2024-04-17T12:39:14","guid":{"rendered":"https:\/\/www.chameleoon.sk\/try-it-for-free\/"},"modified":"2026-04-15T10:07:45","modified_gmt":"2026-04-15T08:07:45","slug":"try-it-for-free","status":"publish","type":"page","link":"https:\/\/www.chameleoon.sk\/en\/try-it-for-free\/","title":{"rendered":"Try it for free"},"content":{"rendered":"\t\t<div data-elementor-type=\"wp-page\" data-elementor-id=\"32340\" class=\"elementor elementor-32340 elementor-28257\" data-elementor-post-type=\"page\">\n\t\t\t\t<div class=\"elementor-element elementor-element-3336ced wd-section-stretch e-flex e-con-boxed e-con e-parent\" data-id=\"3336ced\" data-element_type=\"container\" data-e-type=\"container\" data-settings=\"{&quot;background_background&quot;:&quot;gradient&quot;}\">\n\t\t\t\t\t<div class=\"e-con-inner\">\n\t\t\t\t<div class=\"elementor-element elementor-element-3c66355 wd-width-100 elementor-widget elementor-widget-wd_title\" data-id=\"3c66355\" data-element_type=\"widget\" data-e-type=\"widget\" data-widget_type=\"wd_title.default\">\n\t\t\t\t<div class=\"elementor-widget-container\">\n\t\t\t\t\t\t\t<div class=\"title-wrapper set-mb-s reset-last-child wd-title-color-default wd-title-style-default wd-title-size-medium text-center\">\n\n\t\t\t\n\t\t\t<div class=\"liner-continer\">\n\t\t\t\t<h3 class=\"woodmart-title-container title wd-fontsize-xl\">So let's give it a try<\/h3> \n\t\t\t\t\t\t\t<\/div>\n\n\t\t\t\t\t\t\t<div class=\"title-after_title set-cont-mb-s reset-last-child wd-fontsize-s\">\n\t\t\t\t\t<p>Follow these few steps to ship quickly today.<\/p>\t\t\t\t<\/div>\n\t\t\t\t\t<\/div>\n\t\t\t\t\t\t<\/div>\n\t\t\t\t<\/div>\n\t\t\t\t\t<\/div>\n\t\t\t\t<\/div>\n\t\t<div class=\"wd-negative-gap elementor-element elementor-element-c3f0983 e-flex e-con-boxed e-con e-parent\" data-id=\"c3f0983\" data-element_type=\"container\" data-e-type=\"container\">\n\t\t\t\t\t<div class=\"e-con-inner\">\n\t\t<div class=\"elementor-element elementor-element-41eb526 e-con-full e-flex e-con e-child\" data-id=\"41eb526\" data-element_type=\"container\" data-e-type=\"container\">\n\t\t\t\t<div class=\"elementor-element elementor-element-1b888e8 elementor-icon-list--layout-traditional elementor-list-item-link-full_width elementor-widget elementor-widget-icon-list\" data-id=\"1b888e8\" data-element_type=\"widget\" data-e-type=\"widget\" data-widget_type=\"icon-list.default\">\n\t\t\t\t<div class=\"elementor-widget-container\">\n\t\t\t\t\t\t\t<ul class=\"elementor-icon-list-items\">\n\t\t\t\t\t\t\t<li class=\"elementor-icon-list-item\">\n\t\t\t\t\t\t\t\t\t\t\t<span class=\"elementor-icon-list-icon\">\n\t\t\t\t\t\t\t<svg xmlns=\"http:\/\/www.w3.org\/2000\/svg\" width=\"53\" height=\"53\" viewBox=\"0 0 53 53\"><g id=\"Group_149\" data-name=\"Group 149\" transform=\"translate(-300 -611)\"><circle id=\"Ellipse_17\" data-name=\"Ellipse 17\" cx=\"26.5\" cy=\"26.5\" r=\"26.5\" transform=\"translate(300 611)\" fill=\"#46be9c\"><\/circle><path id=\"Path_5628\" data-name=\"Path 5628\" d=\"M25.222,36V14.51H20.147V9.925h10.5V36Z\" transform=\"translate(300 614)\" fill=\"#fff\"><\/path><\/g><\/svg>\t\t\t\t\t\t<\/span>\n\t\t\t\t\t\t\t\t\t\t<span class=\"elementor-icon-list-text\">Easy registration<\/span>\n\t\t\t\t\t\t\t\t\t<\/li>\n\t\t\t\t\t\t<\/ul>\n\t\t\t\t\t\t<\/div>\n\t\t\t\t<\/div>\n\t\t\t\t<div class=\"elementor-element elementor-element-146f99d color-scheme-inherit text-left elementor-widget elementor-widget-text-editor\" data-id=\"146f99d\" data-element_type=\"widget\" data-e-type=\"widget\" data-widget_type=\"text-editor.default\">\n\t\t\t\t<div class=\"elementor-widget-container\">\n\t\t\t\t\t\t\t\t\t<p>Registration is very simple. We don&#8217;t want any unnecessary information from you. After registration, you just set up your environment according to the proven instructions and use the application. In the short video tutorial that will come with your registration confirmation email, you can familiarize yourself with the application.   <\/p>\n<p>And if you need anything, there&#8217;s step number 4.<\/p>\n\t\t\t\t\t\t\t\t<\/div>\n\t\t\t\t<\/div>\n\t\t\t\t<div class=\"elementor-element elementor-element-a234550 elementor-widget elementor-widget-wd_button\" data-id=\"a234550\" data-element_type=\"widget\" data-e-type=\"widget\" data-widget_type=\"wd_button.default\">\n\t\t\t\t<div class=\"elementor-widget-container\">\n\t\t\t\t\t\t\t<div class=\"wd-button-wrapper text-left\" >\n\t\t\t<a class=\"btn btn-style-default btn-style-semi-round btn-size-large btn-color-primary btn-icon-pos-right\" href=\"https:\/\/login.chameleoon.sk\/registracia\" target=\"_blank\" rel=\"noopener\">\n\t\t\t\t<span class=\"wd-btn-text\" data-elementor-setting-key=\"text\">\n\t\t\t\t\tRegister now\t\t\t\t<\/span>\n\n\t\t\t\t\t\t\t<\/a>\n\t\t<\/div>\n\t\t\t\t\t\t<\/div>\n\t\t\t\t<\/div>\n\t\t\t\t<\/div>\n\t\t<div class=\"elementor-element elementor-element-34176da e-con-full e-flex e-con e-child\" data-id=\"34176da\" data-element_type=\"container\" data-e-type=\"container\">\n\t\t\t\t<div class=\"elementor-element elementor-element-f0e80b9 elementor-widget elementor-widget-image\" data-id=\"f0e80b9\" data-element_type=\"widget\" data-e-type=\"widget\" data-widget_type=\"image.default\">\n\t\t\t\t<div class=\"elementor-widget-container\">\n\t\t\t\t\t\t\t\t\t\t\t\t\t\t\t<img fetchpriority=\"high\" decoding=\"async\" width=\"619\" height=\"383\" src=\"https:\/\/www.chameleoon.sk\/wp-content\/uploads\/2024\/04\/register.jpg\" class=\"attachment-large size-large wp-image-32342\" alt=\"Registr\u00e1cia do expedi\u010dn\u00e9ho syst\u00e9mu Chameleoon\" srcset=\"https:\/\/www.chameleoon.sk\/wp-content\/uploads\/2024\/04\/register.jpg 619w, https:\/\/www.chameleoon.sk\/wp-content\/uploads\/2024\/04\/register-430x266.jpg 430w, https:\/\/www.chameleoon.sk\/wp-content\/uploads\/2024\/04\/register-150x93.jpg 150w, https:\/\/www.chameleoon.sk\/wp-content\/uploads\/2024\/04\/register-400x247.jpg 400w\" sizes=\"(max-width: 619px) 100vw, 619px\" \/>\t\t\t\t\t\t\t\t\t\t\t\t\t\t\t<\/div>\n\t\t\t\t<\/div>\n\t\t\t\t<\/div>\n\t\t\t\t\t<\/div>\n\t\t\t\t<\/div>\n\t\t<div class=\"wd-negative-gap elementor-element elementor-element-d213958 e-flex e-con-boxed e-con e-parent\" data-id=\"d213958\" data-element_type=\"container\" data-e-type=\"container\">\n\t\t\t\t\t<div class=\"e-con-inner\">\n\t\t<div class=\"elementor-element elementor-element-4739bc0 e-con-full e-flex e-con e-child\" data-id=\"4739bc0\" data-element_type=\"container\" data-e-type=\"container\">\n\t\t\t\t<div class=\"elementor-element elementor-element-fe4526a elementor-widget elementor-widget-image\" data-id=\"fe4526a\" data-element_type=\"widget\" data-e-type=\"widget\" data-widget_type=\"image.default\">\n\t\t\t\t<div class=\"elementor-widget-container\">\n\t\t\t\t\t\t\t\t\t\t\t\t\t\t\t<img decoding=\"async\" width=\"1238\" height=\"766\" src=\"https:\/\/www.chameleoon.sk\/wp-content\/uploads\/2024\/04\/objednavka.jpg\" class=\"attachment-large size-large wp-image-32343\" alt=\"Spr\u00e1va objedn\u00e1vok v syst\u00e9me Chameleoon\" srcset=\"https:\/\/www.chameleoon.sk\/wp-content\/uploads\/2024\/04\/objednavka.jpg 1238w, https:\/\/www.chameleoon.sk\/wp-content\/uploads\/2024\/04\/objednavka-430x266.jpg 430w, https:\/\/www.chameleoon.sk\/wp-content\/uploads\/2024\/04\/objednavka-150x93.jpg 150w, https:\/\/www.chameleoon.sk\/wp-content\/uploads\/2024\/04\/objednavka-700x433.jpg 700w, https:\/\/www.chameleoon.sk\/wp-content\/uploads\/2024\/04\/objednavka-400x247.jpg 400w, https:\/\/www.chameleoon.sk\/wp-content\/uploads\/2024\/04\/objednavka-768x475.jpg 768w\" sizes=\"(max-width: 1238px) 100vw, 1238px\" \/>\t\t\t\t\t\t\t\t\t\t\t\t\t\t\t<\/div>\n\t\t\t\t<\/div>\n\t\t\t\t<\/div>\n\t\t<div class=\"elementor-element elementor-element-e27517c e-con-full e-flex e-con e-child\" data-id=\"e27517c\" data-element_type=\"container\" data-e-type=\"container\">\n\t\t\t\t<div class=\"elementor-element elementor-element-f336117 elementor-icon-list--layout-traditional elementor-list-item-link-full_width elementor-widget elementor-widget-icon-list\" data-id=\"f336117\" data-element_type=\"widget\" data-e-type=\"widget\" data-widget_type=\"icon-list.default\">\n\t\t\t\t<div class=\"elementor-widget-container\">\n\t\t\t\t\t\t\t<ul class=\"elementor-icon-list-items\">\n\t\t\t\t\t\t\t<li class=\"elementor-icon-list-item\">\n\t\t\t\t\t\t\t\t\t\t\t<span class=\"elementor-icon-list-icon\">\n\t\t\t\t\t\t\t<svg xmlns=\"http:\/\/www.w3.org\/2000\/svg\" width=\"53\" height=\"53\" viewBox=\"0 0 53 53\"><g id=\"Group_153\" data-name=\"Group 153\" transform=\"translate(-997 -1131)\"><circle id=\"Ellipse_18\" data-name=\"Ellipse 18\" cx=\"26.5\" cy=\"26.5\" r=\"26.5\" transform=\"translate(997 1131)\" fill=\"#46be9c\"><\/circle><path id=\"Path_5629\" data-name=\"Path 5629\" d=\"M17.54,36V31.8l7-7.21q2.065-2.135,3.132-3.378a10.277,10.277,0,0,0,1.47-2.082,3.79,3.79,0,0,0,.4-1.645,2.862,2.862,0,0,0-.927-2.258,3.379,3.379,0,0,0-2.327-.822,4.206,4.206,0,0,0-2.555.822,4.734,4.734,0,0,0-1.645,2.5l-4.725-1.54a7.55,7.55,0,0,1,1.75-3.535,9.067,9.067,0,0,1,3.22-2.328A9.808,9.808,0,0,1,26.29,9.5a10.7,10.7,0,0,1,4.55.91,7.156,7.156,0,0,1,3.045,2.555,6.831,6.831,0,0,1,1.085,3.85,7.983,7.983,0,0,1-.49,2.747,11.3,11.3,0,0,1-1.487,2.73A26.791,26.791,0,0,1,30.42,25.29l-5.985,6.16h10.78V36Z\" transform=\"translate(997 1134)\" fill=\"#fff\"><\/path><\/g><\/svg>\t\t\t\t\t\t<\/span>\n\t\t\t\t\t\t\t\t\t\t<span class=\"elementor-icon-list-text\">Let's join the orders<\/span>\n\t\t\t\t\t\t\t\t\t<\/li>\n\t\t\t\t\t\t<\/ul>\n\t\t\t\t\t\t<\/div>\n\t\t\t\t<\/div>\n\t\t\t\t<div class=\"elementor-element elementor-element-c105b62 color-scheme-inherit text-left elementor-widget elementor-widget-text-editor\" data-id=\"c105b62\" data-element_type=\"widget\" data-e-type=\"widget\" data-widget_type=\"text-editor.default\">\n\t\t\t\t<div class=\"elementor-widget-container\">\n\t\t\t\t\t\t\t\t\t<p>After registration, a short setup will be required to allow the system to work with your data. The button below will show you instructions on how to set up your system. When you press it, it will open in a new tab. Keep it open and you can proceed to the next step to register.   <\/p>\n\t\t\t\t\t\t\t\t<\/div>\n\t\t\t\t<\/div>\n\t\t\t\t<div class=\"elementor-element elementor-element-942e394 elementor-widget elementor-widget-wd_button\" data-id=\"942e394\" data-element_type=\"widget\" data-e-type=\"widget\" data-widget_type=\"wd_button.default\">\n\t\t\t\t<div class=\"elementor-widget-container\">\n\t\t\t\t\t\t\t<div class=\"wd-button-wrapper text-left\" >\n\t\t\t<a class=\"btn btn-style-default btn-style-semi-round btn-size-large btn-color-alt btn-icon-pos-right\" href=\"https:\/\/docs.chameleoon.sk\" target=\"_blank\" rel=\"noopener\">\n\t\t\t\t<span class=\"wd-btn-text\" data-elementor-setting-key=\"text\">\n\t\t\t\t\tDocumentation\t\t\t\t<\/span>\n\n\t\t\t\t\t\t\t<\/a>\n\t\t<\/div>\n\t\t\t\t\t\t<\/div>\n\t\t\t\t<\/div>\n\t\t\t\t<\/div>\n\t\t\t\t\t<\/div>\n\t\t\t\t<\/div>\n\t\t<div class=\"wd-negative-gap elementor-element elementor-element-2f6ce38 e-flex e-con-boxed e-con e-parent\" data-id=\"2f6ce38\" data-element_type=\"container\" data-e-type=\"container\">\n\t\t\t\t\t<div class=\"e-con-inner\">\n\t\t<div class=\"elementor-element elementor-element-85d0915 e-con-full e-flex e-con e-child\" data-id=\"85d0915\" data-element_type=\"container\" data-e-type=\"container\">\n\t\t\t\t<div class=\"elementor-element elementor-element-808774e elementor-icon-list--layout-traditional elementor-list-item-link-full_width elementor-widget elementor-widget-icon-list\" data-id=\"808774e\" data-element_type=\"widget\" data-e-type=\"widget\" data-widget_type=\"icon-list.default\">\n\t\t\t\t<div class=\"elementor-widget-container\">\n\t\t\t\t\t\t\t<ul class=\"elementor-icon-list-items\">\n\t\t\t\t\t\t\t<li class=\"elementor-icon-list-item\">\n\t\t\t\t\t\t\t\t\t\t\t<span class=\"elementor-icon-list-icon\">\n\t\t\t\t\t\t\t<svg xmlns=\"http:\/\/www.w3.org\/2000\/svg\" width=\"53\" height=\"53\" viewBox=\"0 0 53 53\"><g id=\"Group_154\" data-name=\"Group 154\" transform=\"translate(-300 -1637)\"><circle id=\"Ellipse_19\" data-name=\"Ellipse 19\" cx=\"26.5\" cy=\"26.5\" r=\"26.5\" transform=\"translate(300 1637)\" fill=\"#46be9c\"><\/circle><path id=\"Path_5630\" data-name=\"Path 5630\" d=\"M26.01,36.42a10.566,10.566,0,0,1-4.13-.822,9.259,9.259,0,0,1-3.325-2.327,7.663,7.663,0,0,1-1.82-3.535l4.8-1.61a5.219,5.219,0,0,0,1.75,2.538,4.453,4.453,0,0,0,2.73.858,4.7,4.7,0,0,0,2.222-.49,3.6,3.6,0,0,0,1.453-1.382,4.031,4.031,0,0,0,.525-2.082,3.949,3.949,0,0,0-.507-2.048,3.441,3.441,0,0,0-1.435-1.33,4.929,4.929,0,0,0-2.257-.472,6.929,6.929,0,0,0-1.54.175,6.184,6.184,0,0,0-1.4.49l-1.26-2.625,6.685-7.28H18.31V9.925H34.585v4.2l-6.86,7.805.175-2.2a8.264,8.264,0,0,1,4.078.962,6.838,6.838,0,0,1,2.695,2.677,8.016,8.016,0,0,1,.962,3.99,8.758,8.758,0,0,1-1.26,4.655,8.892,8.892,0,0,1-3.43,3.238A10.215,10.215,0,0,1,26.01,36.42Z\" transform=\"translate(300 1640)\" fill=\"#fff\"><\/path><\/g><\/svg>\t\t\t\t\t\t<\/span>\n\t\t\t\t\t\t\t\t\t\t<span class=\"elementor-icon-list-text\">Let's join the couriers<\/span>\n\t\t\t\t\t\t\t\t\t<\/li>\n\t\t\t\t\t\t<\/ul>\n\t\t\t\t\t\t<\/div>\n\t\t\t\t<\/div>\n\t\t\t\t<div class=\"elementor-element elementor-element-47eccdd color-scheme-inherit text-left elementor-widget elementor-widget-text-editor\" data-id=\"47eccdd\" data-element_type=\"widget\" data-e-type=\"widget\" data-widget_type=\"text-editor.default\">\n\t\t\t\t<div class=\"elementor-widget-container\">\n\t\t\t\t\t\t\t\t\t<p>The system will connect to all your courier services. In order to do this, you need to set them up. We have prepared instructions for each courier. It will be easy. Find the manuals for your couriers, keep them open and you can proceed further to registration.    <\/p>\n\t\t\t\t\t\t\t\t<\/div>\n\t\t\t\t<\/div>\n\t\t\t\t<div class=\"elementor-element elementor-element-6e0e018 elementor-widget elementor-widget-wd_button\" data-id=\"6e0e018\" data-element_type=\"widget\" data-e-type=\"widget\" data-widget_type=\"wd_button.default\">\n\t\t\t\t<div class=\"elementor-widget-container\">\n\t\t\t\t\t\t\t<div class=\"wd-button-wrapper text-left\" >\n\t\t\t<a class=\"btn btn-style-default btn-style-semi-round btn-size-large btn-color-alt btn-icon-pos-right\" href=\"https:\/\/docs.chameleoon.sk\/kurieri\" target=\"_blank\" rel=\"noopener\">\n\t\t\t\t<span class=\"wd-btn-text\" data-elementor-setting-key=\"text\">\n\t\t\t\t\tOpen documentation\t\t\t\t<\/span>\n\n\t\t\t\t\t\t\t<\/a>\n\t\t<\/div>\n\t\t\t\t\t\t<\/div>\n\t\t\t\t<\/div>\n\t\t\t\t<\/div>\n\t\t<div class=\"elementor-element elementor-element-368603d e-con-full e-flex e-con e-child\" data-id=\"368603d\" data-element_type=\"container\" data-e-type=\"container\">\n\t\t\t\t<div class=\"elementor-element elementor-element-33efde2 elementor-widget elementor-widget-image\" data-id=\"33efde2\" data-element_type=\"widget\" data-e-type=\"widget\" data-widget_type=\"image.default\">\n\t\t\t\t<div class=\"elementor-widget-container\">\n\t\t\t\t\t\t\t\t\t\t\t\t\t\t\t<img decoding=\"async\" width=\"1238\" height=\"766\" src=\"https:\/\/www.chameleoon.sk\/wp-content\/uploads\/2024\/04\/kurier.jpg\" class=\"attachment-large size-large wp-image-32348\" alt=\"Nastavenie kuri\u00e9rov v aplik\u00e1cii Chameleoon\" srcset=\"https:\/\/www.chameleoon.sk\/wp-content\/uploads\/2024\/04\/kurier.jpg 1238w, https:\/\/www.chameleoon.sk\/wp-content\/uploads\/2024\/04\/kurier-430x266.jpg 430w, https:\/\/www.chameleoon.sk\/wp-content\/uploads\/2024\/04\/kurier-150x93.jpg 150w, https:\/\/www.chameleoon.sk\/wp-content\/uploads\/2024\/04\/kurier-700x433.jpg 700w, https:\/\/www.chameleoon.sk\/wp-content\/uploads\/2024\/04\/kurier-400x247.jpg 400w, https:\/\/www.chameleoon.sk\/wp-content\/uploads\/2024\/04\/kurier-768x475.jpg 768w\" sizes=\"(max-width: 1238px) 100vw, 1238px\" \/>\t\t\t\t\t\t\t\t\t\t\t\t\t\t\t<\/div>\n\t\t\t\t<\/div>\n\t\t\t\t<\/div>\n\t\t\t\t\t<\/div>\n\t\t\t\t<\/div>\n\t\t<div class=\"wd-negative-gap elementor-element elementor-element-08795b1 e-flex e-con-boxed e-con e-parent\" data-id=\"08795b1\" data-element_type=\"container\" data-e-type=\"container\">\n\t\t\t\t\t<div class=\"e-con-inner\">\n\t\t<div class=\"elementor-element elementor-element-953b8b6 e-con-full e-flex e-con e-child\" data-id=\"953b8b6\" data-element_type=\"container\" data-e-type=\"container\">\n\t\t\t\t<div class=\"elementor-element elementor-element-1dc70a4 elementor-widget elementor-widget-image\" data-id=\"1dc70a4\" data-element_type=\"widget\" data-e-type=\"widget\" data-widget_type=\"image.default\">\n\t\t\t\t<div class=\"elementor-widget-container\">\n\t\t\t\t\t\t\t\t\t\t\t\t\t\t\t<img loading=\"lazy\" decoding=\"async\" width=\"1238\" height=\"766\" src=\"https:\/\/www.chameleoon.sk\/wp-content\/uploads\/2024\/04\/kontakt_foto.jpg\" class=\"attachment-large size-large wp-image-32344\" alt=\"T\u00edm podpory Chameleoon \u2013 sme v\u00e1m k dispoz\u00edcii\" srcset=\"https:\/\/www.chameleoon.sk\/wp-content\/uploads\/2024\/04\/kontakt_foto.jpg 1238w, https:\/\/www.chameleoon.sk\/wp-content\/uploads\/2024\/04\/kontakt_foto-430x266.jpg 430w, https:\/\/www.chameleoon.sk\/wp-content\/uploads\/2024\/04\/kontakt_foto-150x93.jpg 150w, https:\/\/www.chameleoon.sk\/wp-content\/uploads\/2024\/04\/kontakt_foto-700x433.jpg 700w, https:\/\/www.chameleoon.sk\/wp-content\/uploads\/2024\/04\/kontakt_foto-400x247.jpg 400w, https:\/\/www.chameleoon.sk\/wp-content\/uploads\/2024\/04\/kontakt_foto-768x475.jpg 768w\" sizes=\"(max-width: 1238px) 100vw, 1238px\" \/>\t\t\t\t\t\t\t\t\t\t\t\t\t\t\t<\/div>\n\t\t\t\t<\/div>\n\t\t\t\t<\/div>\n\t\t<div class=\"elementor-element elementor-element-c1567d7 e-con-full e-flex e-con e-child\" data-id=\"c1567d7\" data-element_type=\"container\" data-e-type=\"container\">\n\t\t\t\t<div class=\"elementor-element elementor-element-cbbbda0 elementor-icon-list--layout-traditional elementor-list-item-link-full_width elementor-widget elementor-widget-icon-list\" data-id=\"cbbbda0\" data-element_type=\"widget\" data-e-type=\"widget\" data-widget_type=\"icon-list.default\">\n\t\t\t\t<div class=\"elementor-widget-container\">\n\t\t\t\t\t\t\t<ul class=\"elementor-icon-list-items\">\n\t\t\t\t\t\t\t<li class=\"elementor-icon-list-item\">\n\t\t\t\t\t\t\t\t\t\t\t<span class=\"elementor-icon-list-icon\">\n\t\t\t\t\t\t\t<svg xmlns=\"http:\/\/www.w3.org\/2000\/svg\" width=\"53\" height=\"53\" viewBox=\"0 0 53 53\"><g id=\"Group_155\" data-name=\"Group 155\" transform=\"translate(-997 -2109)\"><circle id=\"Ellipse_20\" data-name=\"Ellipse 20\" cx=\"26.5\" cy=\"26.5\" r=\"26.5\" transform=\"translate(997 2109)\" fill=\"#46be9c\"><\/circle><path id=\"Path_5631\" data-name=\"Path 5631\" d=\"M27.585,36V30.4H16.035V25.85l11.2-15.925H33.01V25.85h4.025V30.4H33.01V36ZM19.99,27.81l-1.015-1.96h8.61V14.125l1.365.42Z\" transform=\"translate(997 2112)\" fill=\"#fff\"><\/path><\/g><\/svg>\t\t\t\t\t\t<\/span>\n\t\t\t\t\t\t\t\t\t\t<span class=\"elementor-icon-list-text\">We are at your disposal<\/span>\n\t\t\t\t\t\t\t\t\t<\/li>\n\t\t\t\t\t\t<\/ul>\n\t\t\t\t\t\t<\/div>\n\t\t\t\t<\/div>\n\t\t\t\t<div class=\"elementor-element elementor-element-4e014d6 color-scheme-inherit text-left elementor-widget elementor-widget-text-editor\" data-id=\"4e014d6\" data-element_type=\"widget\" data-e-type=\"widget\" data-widget_type=\"text-editor.default\">\n\t\t\t\t<div class=\"elementor-widget-container\">\n\t\t\t\t\t\t\t\t\t<p>The situations are different and we may not have been able to capture everything clearly with the instructions. In case you need our support during installation we are at your disposal. We will be happy to help you in all the previous steps and give you training via remote access as well.  <\/p>\n\t\t\t\t\t\t\t\t<\/div>\n\t\t\t\t<\/div>\n\t\t\t\t<div class=\"elementor-element elementor-element-5cce4f6 elementor-widget elementor-widget-wd_button\" data-id=\"5cce4f6\" data-element_type=\"widget\" data-e-type=\"widget\" data-widget_type=\"wd_button.default\">\n\t\t\t\t<div class=\"elementor-widget-container\">\n\t\t\t\t\t\t\t<div class=\"wd-button-wrapper text-left\" >\n\t\t\t<a class=\"btn btn-style-default btn-style-semi-round btn-size-large btn-color-alt btn-icon-pos-right\" href=\"https:\/\/www.chameleoon.sk\/en\/contact\/\">\n\t\t\t\t<span class=\"wd-btn-text\" data-elementor-setting-key=\"text\">\n\t\t\t\t\tI need help\t\t\t\t<\/span>\n\n\t\t\t\t\t\t\t<\/a>\n\t\t<\/div>\n\t\t\t\t\t\t<\/div>\n\t\t\t\t<\/div>\n\t\t\t\t<\/div>\n\t\t\t\t\t<\/div>\n\t\t\t\t<\/div>\n\t\t\t\t<\/div>\n\t\t","protected":false},"excerpt":{"rendered":"<p>So let&#8217;s give it a try Follow these few steps to ship quickly today. Easy registration Registration is very simple.<\/p>\n","protected":false},"author":1,"featured_media":0,"parent":0,"menu_order":0,"comment_status":"closed","ping_status":"closed","template":"","meta":{"footnotes":""},"class_list":["post-32340","page","type-page","status-publish","hentry"],"_links":{"self":[{"href":"https:\/\/www.chameleoon.sk\/en\/wp-json\/wp\/v2\/pages\/32340","targetHints":{"allow":["GET"]}}],"collection":[{"href":"https:\/\/www.chameleoon.sk\/en\/wp-json\/wp\/v2\/pages"}],"about":[{"href":"https:\/\/www.chameleoon.sk\/en\/wp-json\/wp\/v2\/types\/page"}],"author":[{"embeddable":true,"href":"https:\/\/www.chameleoon.sk\/en\/wp-json\/wp\/v2\/users\/1"}],"replies":[{"embeddable":true,"href":"https:\/\/www.chameleoon.sk\/en\/wp-json\/wp\/v2\/comments?post=32340"}],"version-history":[{"count":4,"href":"https:\/\/www.chameleoon.sk\/en\/wp-json\/wp\/v2\/pages\/32340\/revisions"}],"predecessor-version":[{"id":34904,"href":"https:\/\/www.chameleoon.sk\/en\/wp-json\/wp\/v2\/pages\/32340\/revisions\/34904"}],"wp:attachment":[{"href":"https:\/\/www.chameleoon.sk\/en\/wp-json\/wp\/v2\/media?parent=32340"}],"curies":[{"name":"wp","href":"https:\/\/api.w.org\/{rel}","templated":true}]}}