{"id":32573,"date":"2024-04-18T11:50:11","date_gmt":"2024-04-18T09:50:11","guid":{"rendered":"https:\/\/www.chameleoon.sk\/esettanulmany\/"},"modified":"2026-04-10T11:23:51","modified_gmt":"2026-04-10T09:23:51","slug":"esettanulmany","status":"publish","type":"page","link":"https:\/\/www.chameleoon.sk\/hu\/esettanulmany\/","title":{"rendered":"Esettanulm\u00e1ny"},"content":{"rendered":"\t\t<div data-elementor-type=\"wp-page\" data-elementor-id=\"32573\" class=\"elementor elementor-32573 elementor-28364\" data-elementor-post-type=\"page\">\n\t\t\t\t<div class=\"elementor-element elementor-element-326d365 wd-section-stretch-content e-flex e-con-boxed e-con e-parent\" data-id=\"326d365\" data-element_type=\"container\" data-e-type=\"container\">\n\t\t\t\t\t<div class=\"e-con-inner\">\n\t\t<div class=\"elementor-element elementor-element-ada7e30 e-con-full e-flex e-con e-child\" data-id=\"ada7e30\" data-element_type=\"container\" data-e-type=\"container\">\n\t\t\t\t<div class=\"elementor-element elementor-element-a679d36 elementor-position-top elementor-widget elementor-widget-image-box\" data-id=\"a679d36\" data-element_type=\"widget\" data-e-type=\"widget\" data-widget_type=\"image-box.default\">\n\t\t\t\t<div class=\"elementor-widget-container\">\n\t\t\t\t\t<div class=\"elementor-image-box-wrapper\"><figure class=\"elementor-image-box-img\"><a href=\"https:\/\/www.chameleoon.sk\/hu\/esettanulmany\/natures\/\" tabindex=\"-1\"><img fetchpriority=\"high\" decoding=\"async\" width=\"916\" height=\"390\" src=\"https:\/\/www.chameleoon.sk\/wp-content\/uploads\/2026\/04\/natures_logo.png\" class=\"attachment-full size-full wp-image-35311\" alt=\"Natures case study \u2013 expedi\u010dn\u00fd syst\u00e9m Chameleoon\" srcset=\"https:\/\/www.chameleoon.sk\/wp-content\/uploads\/2026\/04\/natures_logo.png 916w, https:\/\/www.chameleoon.sk\/wp-content\/uploads\/2026\/04\/natures_logo-400x170.png 400w, https:\/\/www.chameleoon.sk\/wp-content\/uploads\/2026\/04\/natures_logo-768x327.png 768w, https:\/\/www.chameleoon.sk\/wp-content\/uploads\/2026\/04\/natures_logo-430x183.png 430w, https:\/\/www.chameleoon.sk\/wp-content\/uploads\/2026\/04\/natures_logo-700x298.png 700w, https:\/\/www.chameleoon.sk\/wp-content\/uploads\/2026\/04\/natures_logo-150x64.png 150w\" sizes=\"(max-width: 916px) 100vw, 916px\" \/><\/a><\/figure><div class=\"elementor-image-box-content\"><h3 class=\"elementor-image-box-title\"><a href=\"https:\/\/www.chameleoon.sk\/hu\/esettanulmany\/natures\/\">Natures<\/a><\/h3><p class=\"elementor-image-box-description\">A Natures a Chameleon \u00e9s a KOLOS platform seg\u00edts\u00e9g\u00e9vel automatiz\u00e1lta a logisztik\u00e1t \u00e9s kiterjesztette a sz\u00e1ll\u00edt\u00e1st Eur\u00f3pa-szerte.<\/p><\/div><\/div>\t\t\t\t<\/div>\n\t\t\t\t<\/div>\n\t\t\t\t<div class=\"elementor-element elementor-element-35c2447 elementor-widget elementor-widget-wd_button\" data-id=\"35c2447\" data-element_type=\"widget\" data-e-type=\"widget\" data-widget_type=\"wd_button.default\">\n\t\t\t\t<div class=\"elementor-widget-container\">\n\t\t\t\t\t\t\t<div class=\"wd-button-wrapper text-center\" >\n\t\t\t<a class=\"btn btn-style-default btn-style-semi-round btn-size-large btn-color-primary btn-icon-pos-right\"  href=\"https:\/\/www.chameleoon.sk\/hu\/esettanulmany\/natures\/\">\n\t\t\t\t<span class=\"wd-btn-text\" data-elementor-setting-key=\"text\">\n\t\t\t\t\tEsettanulm\u00e1ny\t\t\t\t<\/span>\n\n\t\t\t\t\t\t\t<\/a>\n\t\t<\/div>\n\t\t\t\t\t\t<\/div>\n\t\t\t\t<\/div>\n\t\t\t\t<\/div>\n\t\t<div class=\"elementor-element elementor-element-864085d e-con-full e-flex e-con e-child\" data-id=\"864085d\" data-element_type=\"container\" data-e-type=\"container\">\n\t\t\t\t<div class=\"elementor-element elementor-element-34dc081 elementor-position-top elementor-widget elementor-widget-image-box\" data-id=\"34dc081\" data-element_type=\"widget\" data-e-type=\"widget\" data-widget_type=\"image-box.default\">\n\t\t\t\t<div class=\"elementor-widget-container\">\n\t\t\t\t\t<div class=\"elementor-image-box-wrapper\"><figure class=\"elementor-image-box-img\"><a href=\"https:\/\/www.chameleoon.sk\/hu\/esettanulmany\/marcus-trade\/\" tabindex=\"-1\"><img decoding=\"async\" width=\"916\" height=\"390\" src=\"https:\/\/www.chameleoon.sk\/wp-content\/uploads\/2026\/02\/marcus-trade.png\" class=\"attachment-full size-full wp-image-34495\" alt=\"MARCUS TRADE case study \u2013 Chameleoon\" srcset=\"https:\/\/www.chameleoon.sk\/wp-content\/uploads\/2026\/02\/marcus-trade.png 916w, https:\/\/www.chameleoon.sk\/wp-content\/uploads\/2026\/02\/marcus-trade-430x183.png 430w, https:\/\/www.chameleoon.sk\/wp-content\/uploads\/2026\/02\/marcus-trade-150x64.png 150w, https:\/\/www.chameleoon.sk\/wp-content\/uploads\/2026\/02\/marcus-trade-700x298.png 700w, https:\/\/www.chameleoon.sk\/wp-content\/uploads\/2026\/02\/marcus-trade-400x170.png 400w, https:\/\/www.chameleoon.sk\/wp-content\/uploads\/2026\/02\/marcus-trade-768x327.png 768w\" sizes=\"(max-width: 916px) 100vw, 916px\" \/><\/a><\/figure><div class=\"elementor-image-box-content\"><h3 class=\"elementor-image-box-title\"><a href=\"https:\/\/www.chameleoon.sk\/hu\/esettanulmany\/marcus-trade\/\">MARCUS TRADE<\/a><\/h3><p class=\"elementor-image-box-description\">Az e-shop a min\u0151s\u00e9gre helyezi a hangs\u00falyt, \u00e9s professzion\u00e1lis eszk\u00f6z\u00f6ket k\u00edn\u00e1l b\u00e1dogosok \u00e9s \u00e1csok sz\u00e1m\u00e1ra, amelyek megk\u00f6nny\u00edtik a munk\u00e1t az \u00e9p\u00edtkez\u00e9sen \u00e9s a tet\u0151n is.<\/p><\/div><\/div>\t\t\t\t<\/div>\n\t\t\t\t<\/div>\n\t\t\t\t<div class=\"elementor-element elementor-element-c604e5a elementor-widget elementor-widget-wd_button\" data-id=\"c604e5a\" data-element_type=\"widget\" data-e-type=\"widget\" data-widget_type=\"wd_button.default\">\n\t\t\t\t<div class=\"elementor-widget-container\">\n\t\t\t\t\t\t\t<div class=\"wd-button-wrapper text-center\" >\n\t\t\t<a class=\"btn btn-style-default btn-style-semi-round btn-size-large btn-color-primary btn-icon-pos-right\"  href=\"https:\/\/www.chameleoon.sk\/hu\/esettanulmany\/marcus-trade\/\">\n\t\t\t\t<span class=\"wd-btn-text\" data-elementor-setting-key=\"text\">\n\t\t\t\t\tEsettanulm\u00e1ny\t\t\t\t<\/span>\n\n\t\t\t\t\t\t\t<\/a>\n\t\t<\/div>\n\t\t\t\t\t\t<\/div>\n\t\t\t\t<\/div>\n\t\t\t\t<\/div>\n\t\t<div class=\"elementor-element elementor-element-672c0a4 e-con-full e-flex e-con e-child\" data-id=\"672c0a4\" data-element_type=\"container\" data-e-type=\"container\">\n\t\t\t\t<div class=\"elementor-element elementor-element-944775e elementor-position-top elementor-widget elementor-widget-image-box\" data-id=\"944775e\" data-element_type=\"widget\" data-e-type=\"widget\" data-widget_type=\"image-box.default\">\n\t\t\t\t<div class=\"elementor-widget-container\">\n\t\t\t\t\t<div class=\"elementor-image-box-wrapper\"><figure class=\"elementor-image-box-img\"><a href=\"https:\/\/www.chameleoon.sk\/hu\/esettanulmany\/machovna\/\" tabindex=\"-1\"><img decoding=\"async\" width=\"916\" height=\"390\" src=\"https:\/\/www.chameleoon.sk\/wp-content\/uploads\/2024\/10\/Untitled-design.png\" class=\"attachment-full size-full wp-image-32576\" alt=\"Machov\u0148a case study \u2013 Chameleoon\" srcset=\"https:\/\/www.chameleoon.sk\/wp-content\/uploads\/2024\/10\/Untitled-design.png 916w, https:\/\/www.chameleoon.sk\/wp-content\/uploads\/2024\/10\/Untitled-design-430x183.png 430w, https:\/\/www.chameleoon.sk\/wp-content\/uploads\/2024\/10\/Untitled-design-150x64.png 150w, https:\/\/www.chameleoon.sk\/wp-content\/uploads\/2024\/10\/Untitled-design-700x298.png 700w, https:\/\/www.chameleoon.sk\/wp-content\/uploads\/2024\/10\/Untitled-design-400x170.png 400w, https:\/\/www.chameleoon.sk\/wp-content\/uploads\/2024\/10\/Untitled-design-768x327.png 768w\" sizes=\"(max-width: 916px) 100vw, 916px\" \/><\/a><\/figure><div class=\"elementor-image-box-content\"><h3 class=\"elementor-image-box-title\"><a href=\"https:\/\/www.chameleoon.sk\/hu\/esettanulmany\/machovna\/\">Machov\u0148a<\/a><\/h3><p class=\"elementor-image-box-description\">A Machov\u0148a egy csal\u00e1di projekt, amely a term\u00e9szet ir\u00e1nti szeretetb\u0151l \u00e9s a kreativit\u00e1s ir\u00e1nti v\u00e1gyb\u00f3l sz\u00fcletett. Stabiliz\u00e1lt moh\u00e1kat, n\u00f6v\u00e9nyeket \u00e9s kieg\u00e9sz\u00edt\u0151ket k\u00edn\u00e1l saj\u00e1t mohafestm\u00e9nyek k\u00e9sz\u00edt\u00e9s\u00e9hez.   <\/p><\/div><\/div>\t\t\t\t<\/div>\n\t\t\t\t<\/div>\n\t\t\t\t<div class=\"elementor-element elementor-element-92e4bdc elementor-widget elementor-widget-wd_button\" data-id=\"92e4bdc\" data-element_type=\"widget\" data-e-type=\"widget\" data-widget_type=\"wd_button.default\">\n\t\t\t\t<div class=\"elementor-widget-container\">\n\t\t\t\t\t\t\t<div class=\"wd-button-wrapper text-center\" >\n\t\t\t<a class=\"btn btn-style-default btn-style-semi-round btn-size-large btn-color-primary btn-icon-pos-right\"  href=\"https:\/\/www.chameleoon.sk\/hu\/esettanulmany\/machovna\/\">\n\t\t\t\t<span class=\"wd-btn-text\" data-elementor-setting-key=\"text\">\n\t\t\t\t\tEsettanulm\u00e1ny\t\t\t\t<\/span>\n\n\t\t\t\t\t\t\t<\/a>\n\t\t<\/div>\n\t\t\t\t\t\t<\/div>\n\t\t\t\t<\/div>\n\t\t\t\t<\/div>\n\t\t\t\t\t<\/div>\n\t\t\t\t<\/div>\n\t\t<div class=\"elementor-element elementor-element-f245336 wd-section-stretch-content e-flex e-con-boxed e-con e-parent\" data-id=\"f245336\" data-element_type=\"container\" data-e-type=\"container\">\n\t\t\t\t\t<div class=\"e-con-inner\">\n\t\t<div class=\"elementor-element elementor-element-eff957d e-con-full e-flex e-con e-child\" data-id=\"eff957d\" data-element_type=\"container\" data-e-type=\"container\">\n\t\t\t\t<div class=\"elementor-element elementor-element-93bbac9 elementor-position-top elementor-widget elementor-widget-image-box\" data-id=\"93bbac9\" data-element_type=\"widget\" data-e-type=\"widget\" data-widget_type=\"image-box.default\">\n\t\t\t\t<div class=\"elementor-widget-container\">\n\t\t\t\t\t<div class=\"elementor-image-box-wrapper\"><figure class=\"elementor-image-box-img\"><a href=\"https:\/\/www.chameleoon.sk\/hu\/esettanulmany\/ahooy-sk\/\" tabindex=\"-1\"><img loading=\"lazy\" decoding=\"async\" width=\"916\" height=\"390\" src=\"https:\/\/www.chameleoon.sk\/wp-content\/uploads\/2024\/05\/ahooy_banner.jpg\" class=\"attachment-full size-full wp-image-32579\" alt=\"ahooy.sk\" srcset=\"https:\/\/www.chameleoon.sk\/wp-content\/uploads\/2024\/05\/ahooy_banner.jpg 916w, https:\/\/www.chameleoon.sk\/wp-content\/uploads\/2024\/05\/ahooy_banner-430x183.jpg 430w, https:\/\/www.chameleoon.sk\/wp-content\/uploads\/2024\/05\/ahooy_banner-150x64.jpg 150w, https:\/\/www.chameleoon.sk\/wp-content\/uploads\/2024\/05\/ahooy_banner-700x298.jpg 700w, https:\/\/www.chameleoon.sk\/wp-content\/uploads\/2024\/05\/ahooy_banner-400x170.jpg 400w, https:\/\/www.chameleoon.sk\/wp-content\/uploads\/2024\/05\/ahooy_banner-768x327.jpg 768w\" sizes=\"(max-width: 916px) 100vw, 916px\" \/><\/a><\/figure><div class=\"elementor-image-box-content\"><h3 class=\"elementor-image-box-title\"><a href=\"https:\/\/www.chameleoon.sk\/hu\/esettanulmany\/ahooy-sk\/\">Ahooy<\/a><\/h3><p class=\"elementor-image-box-description\">Elad\u00f3 design, de funkcion\u00e1lis dolgok is, amelyek egyed\u00fcl\u00e1ll\u00f3ak lesznek. Ezzel a c\u00e9llal alap\u00edtotta J\u00e1n Gonda a testv\u00e9r\u00e9vel egy\u00fctt az ahooy.sk web\u00e1ruh\u00e1zat.  <\/p><\/div><\/div>\t\t\t\t<\/div>\n\t\t\t\t<\/div>\n\t\t\t\t<div class=\"elementor-element elementor-element-beba918 elementor-widget elementor-widget-wd_button\" data-id=\"beba918\" data-element_type=\"widget\" data-e-type=\"widget\" data-widget_type=\"wd_button.default\">\n\t\t\t\t<div class=\"elementor-widget-container\">\n\t\t\t\t\t\t\t<div class=\"wd-button-wrapper text-center\" >\n\t\t\t<a class=\"btn btn-style-default btn-style-semi-round btn-size-large btn-color-primary btn-icon-pos-right\"  href=\"https:\/\/www.chameleoon.sk\/hu\/esettanulmany\/ahooy-sk\/\">\n\t\t\t\t<span class=\"wd-btn-text\" data-elementor-setting-key=\"text\">\n\t\t\t\t\tEsettanulm\u00e1ny\t\t\t\t<\/span>\n\n\t\t\t\t\t\t\t<\/a>\n\t\t<\/div>\n\t\t\t\t\t\t<\/div>\n\t\t\t\t<\/div>\n\t\t\t\t<\/div>\n\t\t<div class=\"elementor-element elementor-element-b7cb3e4 e-con-full e-flex e-con e-child\" data-id=\"b7cb3e4\" data-element_type=\"container\" data-e-type=\"container\">\n\t\t\t\t<div class=\"elementor-element elementor-element-f14bcae elementor-position-top elementor-widget elementor-widget-image-box\" data-id=\"f14bcae\" data-element_type=\"widget\" data-e-type=\"widget\" data-widget_type=\"image-box.default\">\n\t\t\t\t<div class=\"elementor-widget-container\">\n\t\t\t\t\t<div class=\"elementor-image-box-wrapper\"><figure class=\"elementor-image-box-img\"><a href=\"https:\/\/www.chameleoon.sk\/hu\/esettanulmany\/cukrovinky\/\" tabindex=\"-1\"><img loading=\"lazy\" decoding=\"async\" width=\"916\" height=\"390\" src=\"https:\/\/www.chameleoon.sk\/wp-content\/uploads\/2024\/06\/cukrovinky-1.jpg\" class=\"attachment-full size-full wp-image-32575\" alt=\"cukrovinky log\u00f3\" srcset=\"https:\/\/www.chameleoon.sk\/wp-content\/uploads\/2024\/06\/cukrovinky-1.jpg 916w, https:\/\/www.chameleoon.sk\/wp-content\/uploads\/2024\/06\/cukrovinky-1-430x183.jpg 430w, https:\/\/www.chameleoon.sk\/wp-content\/uploads\/2024\/06\/cukrovinky-1-150x64.jpg 150w, https:\/\/www.chameleoon.sk\/wp-content\/uploads\/2024\/06\/cukrovinky-1-700x298.jpg 700w, https:\/\/www.chameleoon.sk\/wp-content\/uploads\/2024\/06\/cukrovinky-1-400x170.jpg 400w, https:\/\/www.chameleoon.sk\/wp-content\/uploads\/2024\/06\/cukrovinky-1-768x327.jpg 768w\" sizes=\"(max-width: 916px) 100vw, 916px\" \/><\/a><\/figure><div class=\"elementor-image-box-content\"><h3 class=\"elementor-image-box-title\"><a href=\"https:\/\/www.chameleoon.sk\/hu\/esettanulmany\/cukrovinky\/\">Cukrovinky<\/a><\/h3><p class=\"elementor-image-box-description\">Minden kis \u00e9s nagy e-shop sikere a megfelel\u0151 megold\u00e1sok kiv\u00e1laszt\u00e1s\u00e1n m\u00falik. V\u00e1lassza a legjobbat, \u00e9s sz\u00e1ll\u00edtson gyorsan \u00e9s hib\u00e1k n\u00e9lk\u00fcl.  <\/p><\/div><\/div>\t\t\t\t<\/div>\n\t\t\t\t<\/div>\n\t\t\t\t<div class=\"elementor-element elementor-element-f0bf0b6 elementor-widget elementor-widget-wd_button\" data-id=\"f0bf0b6\" data-element_type=\"widget\" data-e-type=\"widget\" data-widget_type=\"wd_button.default\">\n\t\t\t\t<div class=\"elementor-widget-container\">\n\t\t\t\t\t\t\t<div class=\"wd-button-wrapper text-center\" >\n\t\t\t<a class=\"btn btn-style-default btn-style-semi-round btn-size-large btn-color-primary btn-icon-pos-right\"  href=\"https:\/\/www.chameleoon.sk\/hu\/esettanulmany\/cukrovinky\/\">\n\t\t\t\t<span class=\"wd-btn-text\" data-elementor-setting-key=\"text\">\n\t\t\t\t\tEsettanulm\u00e1ny\t\t\t\t<\/span>\n\n\t\t\t\t\t\t\t<\/a>\n\t\t<\/div>\n\t\t\t\t\t\t<\/div>\n\t\t\t\t<\/div>\n\t\t\t\t<\/div>\n\t\t<div class=\"elementor-element elementor-element-75ecbad e-con-full e-flex e-con e-child\" data-id=\"75ecbad\" data-element_type=\"container\" data-e-type=\"container\">\n\t\t\t\t<div class=\"elementor-element elementor-element-6c9c78c elementor-position-top elementor-widget elementor-widget-image-box\" data-id=\"6c9c78c\" data-element_type=\"widget\" data-e-type=\"widget\" data-widget_type=\"image-box.default\">\n\t\t\t\t<div class=\"elementor-widget-container\">\n\t\t\t\t\t<div class=\"elementor-image-box-wrapper\"><figure class=\"elementor-image-box-img\"><a href=\"https:\/\/www.chameleoon.sk\/hu\/esettanulmany\/armyoriginal\/\" tabindex=\"-1\"><img loading=\"lazy\" decoding=\"async\" width=\"916\" height=\"390\" src=\"https:\/\/www.chameleoon.sk\/wp-content\/uploads\/2024\/06\/M.jpg\" class=\"attachment-full size-full wp-image-32574\" alt=\"Monaron log\u00f3\" srcset=\"https:\/\/www.chameleoon.sk\/wp-content\/uploads\/2024\/06\/M.jpg 916w, https:\/\/www.chameleoon.sk\/wp-content\/uploads\/2024\/06\/M-430x183.jpg 430w, https:\/\/www.chameleoon.sk\/wp-content\/uploads\/2024\/06\/M-150x64.jpg 150w, https:\/\/www.chameleoon.sk\/wp-content\/uploads\/2024\/06\/M-700x298.jpg 700w, https:\/\/www.chameleoon.sk\/wp-content\/uploads\/2024\/06\/M-400x170.jpg 400w, https:\/\/www.chameleoon.sk\/wp-content\/uploads\/2024\/06\/M-768x327.jpg 768w\" sizes=\"(max-width: 916px) 100vw, 916px\" \/><\/a><\/figure><div class=\"elementor-image-box-content\"><h3 class=\"elementor-image-box-title\"><a href=\"https:\/\/www.chameleoon.sk\/hu\/esettanulmany\/armyoriginal\/\">Monaron<\/a><\/h3><p class=\"elementor-image-box-description\">Az egyik els\u0151 v\u00e1llalat, ahol a Chameleoon-t bevetett\u00fck, az ArmyOriginal, a Monaron m\u00e1rka gy\u00e1rt\u00f3ja volt. N\u00e9zze meg egy r\u00f6vid vide\u00f3ban, hogyan seg\u00edt nekik a Chameleoon. <\/p><\/div><\/div>\t\t\t\t<\/div>\n\t\t\t\t<\/div>\n\t\t\t\t<div class=\"elementor-element elementor-element-5062809 elementor-widget elementor-widget-wd_button\" data-id=\"5062809\" data-element_type=\"widget\" data-e-type=\"widget\" data-widget_type=\"wd_button.default\">\n\t\t\t\t<div class=\"elementor-widget-container\">\n\t\t\t\t\t\t\t<div class=\"wd-button-wrapper text-center\" >\n\t\t\t<a class=\"btn btn-style-default btn-style-semi-round btn-size-large btn-color-primary btn-icon-pos-right\"  href=\"https:\/\/www.chameleoon.sk\/hu\/esettanulmany\/armyoriginal\/\">\n\t\t\t\t<span class=\"wd-btn-text\" data-elementor-setting-key=\"text\">\n\t\t\t\t\tEsettanulm\u00e1ny\t\t\t\t<\/span>\n\n\t\t\t\t\t\t\t<\/a>\n\t\t<\/div>\n\t\t\t\t\t\t<\/div>\n\t\t\t\t<\/div>\n\t\t\t\t<\/div>\n\t\t\t\t\t<\/div>\n\t\t\t\t<\/div>\n\t\t\t\t<\/div>\n\t\t","protected":false},"excerpt":{"rendered":"<p>Natures A Natures a Chameleon \u00e9s a KOLOS platform seg\u00edts\u00e9g\u00e9vel automatiz\u00e1lta a logisztik\u00e1t \u00e9s kiterjesztette a sz\u00e1ll\u00edt\u00e1st Eur\u00f3pa-szerte. Esettanulm\u00e1ny MARCUS<\/p>\n","protected":false},"author":1,"featured_media":0,"parent":0,"menu_order":0,"comment_status":"closed","ping_status":"closed","template":"","meta":{"footnotes":""},"class_list":["post-32573","page","type-page","status-publish","hentry"],"_links":{"self":[{"href":"https:\/\/www.chameleoon.sk\/hu\/wp-json\/wp\/v2\/pages\/32573","targetHints":{"allow":["GET"]}}],"collection":[{"href":"https:\/\/www.chameleoon.sk\/hu\/wp-json\/wp\/v2\/pages"}],"about":[{"href":"https:\/\/www.chameleoon.sk\/hu\/wp-json\/wp\/v2\/types\/page"}],"author":[{"embeddable":true,"href":"https:\/\/www.chameleoon.sk\/hu\/wp-json\/wp\/v2\/users\/1"}],"replies":[{"embeddable":true,"href":"https:\/\/www.chameleoon.sk\/hu\/wp-json\/wp\/v2\/comments?post=32573"}],"version-history":[{"count":6,"href":"https:\/\/www.chameleoon.sk\/hu\/wp-json\/wp\/v2\/pages\/32573\/revisions"}],"predecessor-version":[{"id":35315,"href":"https:\/\/www.chameleoon.sk\/hu\/wp-json\/wp\/v2\/pages\/32573\/revisions\/35315"}],"wp:attachment":[{"href":"https:\/\/www.chameleoon.sk\/hu\/wp-json\/wp\/v2\/media?parent=32573"}],"curies":[{"name":"wp","href":"https:\/\/api.w.org\/{rel}","templated":true}]}}