{"id":32642,"date":"2024-04-23T10:39:10","date_gmt":"2024-04-23T08:39:10","guid":{"rendered":"https:\/\/www.chameleoon.sk\/formanyomtatvany\/"},"modified":"2026-04-09T13:46:07","modified_gmt":"2026-04-09T11:46:07","slug":"formanyomtatvany","status":"publish","type":"page","link":"https:\/\/www.chameleoon.sk\/hu\/formanyomtatvany\/","title":{"rendered":"Formanyomtatv\u00e1ny"},"content":{"rendered":"\t\t<div data-elementor-type=\"wp-page\" data-elementor-id=\"32642\" class=\"elementor elementor-32642 elementor-28578\" data-elementor-post-type=\"page\">\n\t\t\t\t<div class=\"elementor-element elementor-element-7784ba8 e-flex e-con-boxed e-con e-parent\" data-id=\"7784ba8\" data-element_type=\"container\" data-e-type=\"container\">\n\t\t\t\t\t<div class=\"e-con-inner\">\n\t\t\t\t<div class=\"elementor-element elementor-element-d05ae5c wd-width-100 elementor-widget elementor-widget-wd_title\" data-id=\"d05ae5c\" data-element_type=\"widget\" data-e-type=\"widget\" data-widget_type=\"wd_title.default\">\n\t\t\t\t<div class=\"elementor-widget-container\">\n\t\t\t\t\t\t\t<div class=\"title-wrapper set-mb-s reset-last-child wd-title-color-default wd-title-style-default wd-title-size-medium text-center\">\n\n\t\t\t\t\t\t\t<div class=\"title-subtitle subtitle-color-default subtitle-style-default wd-fontsize-xs\">\n\t\t\t\t\tHordoz\u00f3k \u00e9s rendszerek\t\t\t\t<\/div>\n\t\t\t\n\t\t\t<div class=\"liner-continer\">\n\t\t\t\t<h3 class=\"woodmart-title-container title wd-fontsize-xl\">K\u00fcldje el nek\u00fcnk az \u0171rlapot<\/h3> \n\t\t\t\t\t\t\t<\/div>\n\n\t\t\t\t\t\t\t<div class=\"title-after_title set-cont-mb-s reset-last-child wd-fontsize-s\">\n\t\t\t\t\t<p>A Chameleoon nem egy plugin, hanem egy \u00f6n\u00e1ll\u00f3 alkalmaz\u00e1s. Ez hatalmas el\u0151nyt jelent a megrendel\u00e9sek feldolgoz\u00e1sakor. Kifejezetten a fut\u00e1rszolg\u00e1latokkal t\u00f6rt\u00e9n\u0151 sz\u00e1ll\u00edt\u00e1s lefoglal\u00e1s\u00e1ra tervezett k\u00f6rnyezettel rendelkezik a megrendel\u00e9sekb\u0151l vagy sz\u00e1ml\u00e1kb\u00f3l.  <\/p>\t\t\t\t<\/div>\n\t\t\t\t\t<\/div>\n\t\t\t\t\t\t<\/div>\n\t\t\t\t<\/div>\n\t\t\t\t\t<\/div>\n\t\t\t\t<\/div>\n\t\t<div class=\"elementor-element elementor-element-c15ecc5 e-flex e-con-boxed e-con e-parent\" data-id=\"c15ecc5\" data-element_type=\"container\" data-e-type=\"container\">\n\t\t\t\t\t<div class=\"e-con-inner\">\n\t\t\t\t<div class=\"elementor-element elementor-element-2afb514 elementor-widget elementor-widget-shortcode\" data-id=\"2afb514\" data-element_type=\"widget\" data-e-type=\"widget\" data-widget_type=\"shortcode.default\">\n\t\t\t\t<div class=\"elementor-widget-container\">\n\t\t\t\t\t\t\t<div class=\"elementor-shortcode\"><style id=\"wpforms-css-vars-28340\">\n\t\t\t\t#wpforms-28340 {\n\t\t\t\t\n\t\t\t}\n\t\t\t<\/style><div class=\"wpforms-container wpforms-container-full wpforms-render-modern\" id=\"wpforms-28340\"><form id=\"wpforms-form-28340\" class=\"wpforms-validate wpforms-form wpforms-ajax-form\" data-formid=\"28340\" method=\"post\" enctype=\"multipart\/form-data\" action=\"\/hu\/wp-json\/wp\/v2\/pages\/32642\" data-token=\"96399b9f31d619917d17fe1929cdd301\" data-token-time=\"1777587884\"><noscript class=\"wpforms-error-noscript\">Please enable JavaScript in your browser to complete this form.<\/noscript><div id=\"wpforms-error-noscript\" style=\"display: none;\">Please enable JavaScript in your browser to complete this form.<\/div><div class=\"wpforms-field-container\"><div id=\"wpforms-28340-field_0-container\" class=\"wpforms-field wpforms-field-name wpforms-one-half wpforms-first\" data-field-id=\"0\"><label class=\"wpforms-field-label\" for=\"wpforms-28340-field_0\">N\u00e9v <span class=\"wpforms-required-label\" aria-hidden=\"true\">*<\/span><\/label><input type=\"text\" id=\"wpforms-28340-field_0\" class=\"wpforms-field-large wpforms-field-required\" name=\"wpforms[fields][0]\" aria-errormessage=\"wpforms-28340-field_0-error\" required><\/div><div id=\"wpforms-28340-field_1-container\" class=\"wpforms-field wpforms-field-email wpforms-one-half\" data-field-id=\"1\"><label class=\"wpforms-field-label\" for=\"wpforms-28340-field_1\">E-mail <span class=\"wpforms-required-label\" aria-hidden=\"true\">*<\/span><\/label><input type=\"email\" id=\"wpforms-28340-field_1\" class=\"wpforms-field-large wpforms-field-required\" name=\"wpforms[fields][1]\" spellcheck=\"false\" aria-errormessage=\"wpforms-28340-field_1-error\" required><\/div><div id=\"wpforms-28340-field_3-container\" class=\"wpforms-field wpforms-field-name wpforms-one-half wpforms-first\" data-field-id=\"3\"><label class=\"wpforms-field-label\" for=\"wpforms-28340-field_3\">V\u00e1ros<\/label><input type=\"text\" id=\"wpforms-28340-field_3\" class=\"wpforms-field-large\" name=\"wpforms[fields][3]\" aria-errormessage=\"wpforms-28340-field_3-error\" ><\/div><div id=\"wpforms-28340-field_4-container\" class=\"wpforms-field wpforms-field-name wpforms-one-half\" data-field-id=\"4\"><label class=\"wpforms-field-label\" for=\"wpforms-28340-field_4\">Telefon<\/label><input type=\"text\" id=\"wpforms-28340-field_4\" class=\"wpforms-field-large\" name=\"wpforms[fields][4]\" aria-errormessage=\"wpforms-28340-field_4-error\" ><\/div><div id=\"wpforms-28340-field_2-container\" class=\"wpforms-field wpforms-field-textarea\" data-field-id=\"2\"><label class=\"wpforms-field-label\" for=\"wpforms-28340-field_2\">Az \u00f6n \u00fczenete<\/label><textarea id=\"wpforms-28340-field_2\" class=\"wpforms-field-medium\" name=\"wpforms[fields][2]\" aria-errormessage=\"wpforms-28340-field_2-error\" ><\/textarea><\/div><\/div><!-- .wpforms-field-container --><div class=\"wpforms-recaptcha-container wpforms-is-recaptcha wpforms-is-recaptcha-type-v3\" ><input type=\"hidden\" name=\"wpforms[recaptcha]\" value=\"\"><\/div><div class=\"wpforms-submit-container\" ><input type=\"hidden\" name=\"wpforms[id]\" value=\"28340\"><input type=\"hidden\" name=\"page_title\" value=\"\"><input type=\"hidden\" name=\"page_url\" value=\"https:\/\/www.chameleoon.sk\/hu\/wp-json\/wp\/v2\/pages\/32642\"><input type=\"hidden\" name=\"url_referer\" value=\"\"><button type=\"submit\" name=\"wpforms[submit]\" id=\"wpforms-submit-28340\" class=\"wpforms-submit\" data-alt-text=\"K\u00fcld\u00e9s folyamatban\" data-submit-text=\"Formanyomtatv\u00e1ny elk\u00fcld\u00e9se\" aria-live=\"assertive\" value=\"wpforms-submit\">Formanyomtatv\u00e1ny elk\u00fcld\u00e9se<\/button><img decoding=\"async\" src=\"https:\/\/www.chameleoon.sk\/wp-content\/plugins\/wpforms-lite\/assets\/images\/submit-spin.svg\" class=\"wpforms-submit-spinner\" style=\"display: none;\" width=\"26\" height=\"26\" alt=\"Loading\"><\/div><\/form><\/div>  <!-- .wpforms-container --><\/div>\n\t\t\t\t\t\t<\/div>\n\t\t\t\t<\/div>\n\t\t\t\t\t<\/div>\n\t\t\t\t<\/div>\n\t\t<div class=\"elementor-element elementor-element-5243970 wd-section-stretch e-flex e-con-boxed e-con e-parent\" data-id=\"5243970\" data-element_type=\"container\" data-e-type=\"container\" data-settings=\"{&quot;background_background&quot;:&quot;gradient&quot;}\">\n\t\t\t\t\t<div class=\"e-con-inner\">\n\t\t\t\t<div class=\"elementor-element elementor-element-5eed7fc wd-width-100 elementor-widget elementor-widget-wd_title\" data-id=\"5eed7fc\" data-element_type=\"widget\" data-e-type=\"widget\" data-widget_type=\"wd_title.default\">\n\t\t\t\t<div class=\"elementor-widget-container\">\n\t\t\t\t\t\t\t<div class=\"title-wrapper set-mb-s reset-last-child wd-title-color-default wd-title-style-default wd-title-size-medium text-center\">\n\n\t\t\t\n\t\t\t<div class=\"liner-continer\">\n\t\t\t\t<h3 class=\"woodmart-title-container title wd-fontsize-xl\">K\u00e9rd\u00e9se van?<\/h3> \n\t\t\t\t\t\t\t<\/div>\n\n\t\t\t\t\t<\/div>\n\t\t\t\t\t\t<\/div>\n\t\t\t\t<\/div>\n\t\t\t\t\t<\/div>\n\t\t\t\t<\/div>\n\t\t<div class=\"elementor-element elementor-element-da900c8 e-flex e-con-boxed e-con e-parent\" data-id=\"da900c8\" data-element_type=\"container\" data-e-type=\"container\">\n\t\t\t\t\t<div class=\"e-con-inner\">\n\t\t<div class=\"elementor-element elementor-element-11544ba e-con-full e-flex e-con e-child\" data-id=\"11544ba\" data-element_type=\"container\" data-e-type=\"container\">\n\t\t\t\t<div class=\"elementor-element elementor-element-d457122 elementor-position-left elementor-position-top elementor-position-top elementor-vertical-align-top elementor-widget elementor-widget-image-box\" data-id=\"d457122\" data-element_type=\"widget\" data-e-type=\"widget\" data-widget_type=\"image-box.default\">\n\t\t\t\t<div class=\"elementor-widget-container\">\n\t\t\t\t\t<div class=\"elementor-image-box-wrapper\"><figure class=\"elementor-image-box-img\"><img decoding=\"async\" width=\"70\" height=\"70\" src=\"https:\/\/www.chameleoon.sk\/wp-content\/uploads\/2024\/04\/telefon.svg\" class=\"attachment-full size-full wp-image-32645\" alt=\"\" \/><\/figure><div class=\"elementor-image-box-content\"><h3 class=\"elementor-image-box-title\">Telefon<\/h3><p class=\"elementor-image-box-description\">0903 814 262<\/p><\/div><\/div>\t\t\t\t<\/div>\n\t\t\t\t<\/div>\n\t\t\t\t<div class=\"elementor-element elementor-element-f23516a elementor-position-left elementor-position-top elementor-position-top elementor-vertical-align-top elementor-widget elementor-widget-image-box\" data-id=\"f23516a\" data-element_type=\"widget\" data-e-type=\"widget\" data-widget_type=\"image-box.default\">\n\t\t\t\t<div class=\"elementor-widget-container\">\n\t\t\t\t\t<div class=\"elementor-image-box-wrapper\"><figure class=\"elementor-image-box-img\"><img decoding=\"async\" width=\"70\" height=\"70\" src=\"https:\/\/www.chameleoon.sk\/wp-content\/uploads\/2024\/04\/email.svg\" class=\"attachment-full size-full wp-image-32649\" alt=\"\" \/><\/figure><div class=\"elementor-image-box-content\"><h3 class=\"elementor-image-box-title\">E-mail<\/h3><p class=\"elementor-image-box-description\">podpora@chameleoon.sk<\/p><\/div><\/div>\t\t\t\t<\/div>\n\t\t\t\t<\/div>\n\t\t\t\t<div class=\"elementor-element elementor-element-edc3c6f elementor-position-left elementor-position-top elementor-position-top elementor-vertical-align-top elementor-widget elementor-widget-image-box\" data-id=\"edc3c6f\" data-element_type=\"widget\" data-e-type=\"widget\" data-widget_type=\"image-box.default\">\n\t\t\t\t<div class=\"elementor-widget-container\">\n\t\t\t\t\t<div class=\"elementor-image-box-wrapper\"><figure class=\"elementor-image-box-img\"><img loading=\"lazy\" decoding=\"async\" width=\"70\" height=\"70\" src=\"https:\/\/www.chameleoon.sk\/wp-content\/uploads\/2024\/04\/adresa.svg\" class=\"attachment-full size-full wp-image-32650\" alt=\"\" \/><\/figure><div class=\"elementor-image-box-content\"><h3 class=\"elementor-image-box-title\">C\u00edm:<\/h3><p class=\"elementor-image-box-description\">Byt\u010dick\u00e1 9009\/14, 010 01 \u017dilina<\/p><\/div><\/div>\t\t\t\t<\/div>\n\t\t\t\t<\/div>\n\t\t\t\t<\/div>\n\t\t<div class=\"elementor-element elementor-element-8b47ab9 e-con-full e-flex e-con e-child\" data-id=\"8b47ab9\" data-element_type=\"container\" data-e-type=\"container\">\n\t\t\t\t<div class=\"elementor-element elementor-element-266ab9d elementor-hidden-mobile elementor-widget elementor-widget-image\" data-id=\"266ab9d\" data-element_type=\"widget\" data-e-type=\"widget\" data-widget_type=\"image.default\">\n\t\t\t\t<div class=\"elementor-widget-container\">\n\t\t\t\t\t\t\t\t\t\t\t\t\t\t\t<img loading=\"lazy\" decoding=\"async\" width=\"785\" height=\"405\" src=\"https:\/\/www.chameleoon.sk\/wp-content\/uploads\/2024\/04\/kontakt.jpg\" class=\"attachment-large size-large wp-image-32646\" alt=\"\" srcset=\"https:\/\/www.chameleoon.sk\/wp-content\/uploads\/2024\/04\/kontakt.jpg 785w, https:\/\/www.chameleoon.sk\/wp-content\/uploads\/2024\/04\/kontakt-430x222.jpg 430w, https:\/\/www.chameleoon.sk\/wp-content\/uploads\/2024\/04\/kontakt-150x77.jpg 150w, https:\/\/www.chameleoon.sk\/wp-content\/uploads\/2024\/04\/kontakt-700x361.jpg 700w, https:\/\/www.chameleoon.sk\/wp-content\/uploads\/2024\/04\/kontakt-400x206.jpg 400w, https:\/\/www.chameleoon.sk\/wp-content\/uploads\/2024\/04\/kontakt-768x396.jpg 768w\" sizes=\"(max-width: 785px) 100vw, 785px\" \/>\t\t\t\t\t\t\t\t\t\t\t\t\t\t\t<\/div>\n\t\t\t\t<\/div>\n\t\t\t\t<\/div>\n\t\t\t\t\t<\/div>\n\t\t\t\t<\/div>\n\t\t\t\t<\/div>\n\t\t","protected":false},"excerpt":{"rendered":"<p>Hordoz\u00f3k \u00e9s rendszerek K\u00fcldje el nek\u00fcnk az \u0171rlapot A Chameleoon nem egy plugin, hanem egy \u00f6n\u00e1ll\u00f3 alkalmaz\u00e1s. Ez hatalmas el\u0151nyt<\/p>\n","protected":false},"author":1,"featured_media":0,"parent":0,"menu_order":0,"comment_status":"closed","ping_status":"closed","template":"","meta":{"footnotes":""},"class_list":["post-32642","page","type-page","status-publish","hentry"],"_links":{"self":[{"href":"https:\/\/www.chameleoon.sk\/hu\/wp-json\/wp\/v2\/pages\/32642","targetHints":{"allow":["GET"]}}],"collection":[{"href":"https:\/\/www.chameleoon.sk\/hu\/wp-json\/wp\/v2\/pages"}],"about":[{"href":"https:\/\/www.chameleoon.sk\/hu\/wp-json\/wp\/v2\/types\/page"}],"author":[{"embeddable":true,"href":"https:\/\/www.chameleoon.sk\/hu\/wp-json\/wp\/v2\/users\/1"}],"replies":[{"embeddable":true,"href":"https:\/\/www.chameleoon.sk\/hu\/wp-json\/wp\/v2\/comments?post=32642"}],"version-history":[{"count":1,"href":"https:\/\/www.chameleoon.sk\/hu\/wp-json\/wp\/v2\/pages\/32642\/revisions"}],"predecessor-version":[{"id":32643,"href":"https:\/\/www.chameleoon.sk\/hu\/wp-json\/wp\/v2\/pages\/32642\/revisions\/32643"}],"wp:attachment":[{"href":"https:\/\/www.chameleoon.sk\/hu\/wp-json\/wp\/v2\/media?parent=32642"}],"curies":[{"name":"wp","href":"https:\/\/api.w.org\/{rel}","templated":true}]}}