{"id":32668,"date":"2024-04-16T11:50:49","date_gmt":"2024-04-16T09:50:49","guid":{"rendered":"https:\/\/www.chameleoon.sk\/az-en-szamlam\/"},"modified":"2026-03-30T09:54:17","modified_gmt":"2026-03-30T07:54:17","slug":"az-en-szamlam","status":"publish","type":"page","link":"https:\/\/www.chameleoon.sk\/hu\/az-en-szamlam\/","title":{"rendered":"Az \u00e9n sz\u00e1ml\u00e1m"},"content":{"rendered":"<div class=\"woocommerce\"><\/div>\n","protected":false},"excerpt":{"rendered":"","protected":false},"author":1,"featured_media":0,"parent":0,"menu_order":0,"comment_status":"closed","ping_status":"closed","template":"","meta":{"footnotes":""},"class_list":["post-32668","page","type-page","status-publish","hentry"],"_links":{"self":[{"href":"https:\/\/www.chameleoon.sk\/hu\/wp-json\/wp\/v2\/pages\/32668","targetHints":{"allow":["GET"]}}],"collection":[{"href":"https:\/\/www.chameleoon.sk\/hu\/wp-json\/wp\/v2\/pages"}],"about":[{"href":"https:\/\/www.chameleoon.sk\/hu\/wp-json\/wp\/v2\/types\/page"}],"author":[{"embeddable":true,"href":"https:\/\/www.chameleoon.sk\/hu\/wp-json\/wp\/v2\/users\/1"}],"replies":[{"embeddable":true,"href":"https:\/\/www.chameleoon.sk\/hu\/wp-json\/wp\/v2\/comments?post=32668"}],"version-history":[{"count":1,"href":"https:\/\/www.chameleoon.sk\/hu\/wp-json\/wp\/v2\/pages\/32668\/revisions"}],"predecessor-version":[{"id":32669,"href":"https:\/\/www.chameleoon.sk\/hu\/wp-json\/wp\/v2\/pages\/32668\/revisions\/32669"}],"wp:attachment":[{"href":"https:\/\/www.chameleoon.sk\/hu\/wp-json\/wp\/v2\/media?parent=32668"}],"curies":[{"name":"wp","href":"https:\/\/api.w.org\/{rel}","templated":true}]}}